{"id":577,"date":"2024-11-27T12:18:34","date_gmt":"2024-11-27T12:18:34","guid":{"rendered":"https:\/\/satlujwebsolution.com\/clients\/ansabg\/?page_id=577"},"modified":"2025-07-16T11:04:27","modified_gmt":"2025-07-16T11:04:27","slug":"asa-am-creat-ansa","status":"publish","type":"page","link":"https:\/\/myansa.cz\/cs\/asa-am-creat-ansa\/","title":{"rendered":"A\u0219a am creat ANSA"},"content":{"rendered":"<div data-elementor-type=\"wp-page\" data-elementor-id=\"577\" class=\"elementor elementor-577\" data-elementor-post-type=\"page\">\n\t\t\t\t<div class=\"elementor-element elementor-element-49969a8 e-flex e-con-boxed e-con e-parent\" data-id=\"49969a8\" data-element_type=\"container\" data-e-type=\"container\" data-settings=\"{&quot;background_background&quot;:&quot;classic&quot;}\">\n\t\t\t\t\t<div class=\"e-con-inner\">\n\t\t<div class=\"elementor-element elementor-element-991188b e-con-full e-flex e-con e-child\" data-id=\"991188b\" data-element_type=\"container\" data-e-type=\"container\">\n\t\t\t\t<div class=\"elementor-element elementor-element-b5cb287 elementor-widget elementor-widget-image\" data-id=\"b5cb287\" data-element_type=\"widget\" data-e-type=\"widget\" data-widget_type=\"image.default\">\n\t\t\t\t<div class=\"elementor-widget-container\">\n\t\t\t\t\t\t\t\t\t\t\t\t\t\t\t<img fetchpriority=\"high\" decoding=\"async\" width=\"1024\" height=\"1024\" src=\"https:\/\/myansa.cz\/wp-content\/uploads\/2024\/11\/single-grid-kate-1024x1024.jpg\" class=\"attachment-large size-large wp-image-579\" alt=\"\" srcset=\"https:\/\/myansa.cz\/wp-content\/uploads\/2024\/11\/single-grid-kate-1024x1024.jpg 1024w, https:\/\/myansa.cz\/wp-content\/uploads\/2024\/11\/single-grid-kate-300x300.jpg 300w, https:\/\/myansa.cz\/wp-content\/uploads\/2024\/11\/single-grid-kate-150x150.jpg 150w, https:\/\/myansa.cz\/wp-content\/uploads\/2024\/11\/single-grid-kate-768x768.jpg 768w, https:\/\/myansa.cz\/wp-content\/uploads\/2024\/11\/single-grid-kate-600x600.jpg 600w, https:\/\/myansa.cz\/wp-content\/uploads\/2024\/11\/single-grid-kate-100x100.jpg 100w, https:\/\/myansa.cz\/wp-content\/uploads\/2024\/11\/single-grid-kate.jpg 1280w\" sizes=\"(max-width: 1024px) 100vw, 1024px\" \/>\t\t\t\t\t\t\t\t\t\t\t\t\t\t\t<\/div>\n\t\t\t\t<\/div>\n\t\t\t\t<\/div>\n\t\t<div class=\"elementor-element elementor-element-337a96c e-con-full bdt-backdrop-filter-yes e-flex bdt-filter-backdrop e-con e-child\" data-id=\"337a96c\" data-element_type=\"container\" data-e-type=\"container\" data-settings=\"{&quot;background_background&quot;:&quot;classic&quot;}\">\n\t\t\t\t<div class=\"elementor-element elementor-element-b853b87 elementor-widget__width-auto elementor-widget elementor-widget-heading\" data-id=\"b853b87\" data-element_type=\"widget\" data-e-type=\"widget\" data-widget_type=\"heading.default\">\n\t\t\t\t<div class=\"elementor-widget-container\">\n\t\t\t\t\t<h2 class=\"elementor-heading-title elementor-size-default\">Tohle jsem j\u00e1 s m\u00fdm obl\u00edben\u00fdm produktem<\/h2>\t\t\t\t<\/div>\n\t\t\t\t<\/div>\n\t\t\t\t<div class=\"elementor-element elementor-element-5914bbf elementor-widget elementor-widget-heading\" data-id=\"5914bbf\" data-element_type=\"widget\" data-e-type=\"widget\" data-widget_type=\"heading.default\">\n\t\t\t\t<div class=\"elementor-widget-container\">\n\t\t\t\t\t<h2 class=\"elementor-heading-title elementor-size-default\">N\u00e1\u0161 (m\u016fj) p\u0159\u00edb\u011bh<\/h2>\t\t\t\t<\/div>\n\t\t\t\t<\/div>\n\t\t\t\t<div class=\"elementor-element elementor-element-63a59da elementor-widget elementor-widget-text-editor\" data-id=\"63a59da\" data-element_type=\"widget\" data-e-type=\"widget\" data-widget_type=\"text-editor.default\">\n\t\t\t\t<div class=\"elementor-widget-container\">\n\t\t\t\t\t\t\t\t\t<span style=\"font-weight: 400;\">Ahoj! Jmenuji se Ekaterina a v n\u00e1sleduj\u00edc\u00edch \u0159\u00e1dc\u00edch v\u00e1m pov\u00edm o sv\u00e9 historii a historii zna\u010dky \u2013 ansa.<\/span>\t\t\t\t\t\t\t\t<\/div>\n\t\t\t\t<\/div>\n\t\t\t\t<div class=\"elementor-element elementor-element-9e6b6a4 elementor-widget elementor-widget-text-editor\" data-id=\"9e6b6a4\" data-element_type=\"widget\" data-e-type=\"widget\" data-widget_type=\"text-editor.default\">\n\t\t\t\t<div class=\"elementor-widget-container\">\n\t\t\t\t\t\t\t\t\tCel\u00fd \u017eivot jsem se sna\u017eila o sebe starat, jak nejl\u00e9pe jsem um\u011bla, a ti, kte\u0159\u00ed m\u011b sleduj\u00ed na Instagramu <strong>(@ekaterinabalabanovaa)<\/strong>, v\u011bd\u00ed, \u017ee ned\u011bl\u00e1m kompromisy. M\u016fj \u017eivot se zm\u011bnil tak, \u017ee jsem za\u010dala zkou\u0161et r\u016fzn\u00e9 dopl\u0148ky stravy, tradi\u010dn\u00ed l\u00e9ky a dal\u0161\u00ed dary p\u0159\u00edrody, abych se c\u00edtila l\u00e9pe.\t\t\t\t\t\t\t\t<\/div>\n\t\t\t\t<\/div>\n\t\t\t\t<\/div>\n\t\t\t\t\t<\/div>\n\t\t\t\t<\/div>\n\t\t<div class=\"elementor-element elementor-element-ec1b455 e-flex e-con-boxed e-con e-parent\" data-id=\"ec1b455\" data-element_type=\"container\" data-e-type=\"container\" data-settings=\"{&quot;background_background&quot;:&quot;classic&quot;}\">\n\t\t\t\t\t<div class=\"e-con-inner\">\n\t\t\t\t<div class=\"elementor-element elementor-element-07737d5 content_custom elementor-widget elementor-widget-text-editor\" data-id=\"07737d5\" data-element_type=\"widget\" data-e-type=\"widget\" data-widget_type=\"text-editor.default\">\n\t\t\t\t<div class=\"elementor-widget-container\">\n\t\t\t\t\t\t\t\t\t<h4><strong><span style=\"color: #ff8346;\">1. Pro\u010d jsme spustili novou zna\u010dku dopl\u0148k\u016f stravy?<\/span><\/strong><\/h4><p>Zkusila jsem r\u016fzn\u00e9 typy \u201ezelen\u00fdch lektvar\u016f\u201c, kl\u00ed\u010dk\u016f a v\u0161ech mo\u017en\u00fdch smoothie, kter\u00e9 si m\u016f\u017eete p\u0159ipravit doma. Nen\u00ed to zrovna p\u0159\u00edjemn\u00e9 ani chutn\u00e9, a\u0165 u\u017e jsem se sebev\u00edc p\u0159esv\u011bd\u010dovala ve jm\u00e9nu zdrav\u00e9ho \u017eivotn\u00edho stylu. \ud83d\ude02 \ud83e\udd72<br \/>V\u017edycky jsem si uv\u011bdomovala, jak d\u016fle\u017eit\u00e9 je starat se o sv\u00e9 zdrav\u00ed a kr\u00e1su, ale jako \u017eena a matka si naplno uv\u011bdomuji i to, jak t\u011b\u017ek\u00e9 to m\u016f\u017ee b\u00fdt. Po p\u0159e\u010dten\u00ed jedn\u00e9 studie a shl\u00e9dnut\u00ed dokumentu na Netflixu (jmenuje se <em>Hack Your Health<\/em>, velmi doporu\u010duji!) o st\u0159evech a jejich d\u016fle\u017eitosti, jsem se za\u010dala v\u00e1\u017en\u011b zam\u00fd\u0161let nad svou stravou. <strong>J\u00edm dostate\u010dn\u011b pest\u0159e? Je \u00fanava zp\u016fsobena pr\u00e1v\u011b t\u00edmhle?<\/strong> Zd\u00e1 se, \u017ee jednotv\u00e1rn\u00e1 strava a nevyv\u00e1\u017een\u00fd \u017eivotn\u00ed styl v\u00e1s doslova vy\u010derpaj\u00ed zevnit\u0159 ven. Kdy\u017e jsem se sna\u017eila pe\u010dovat o sebe, narazila jsem na n\u011bkolik ot\u00e1zek. Tady jsou n\u011bkter\u00e9 z nich:<\/p><h4><span style=\"font-size: 14pt; color: #ff8346;\">2. Kde jsou dopl\u0148ky pro \u017eeny?<\/span><\/h4><p><strong>T\u00e9m\u011b\u0159 neexistuj\u00ed<\/strong> dopl\u0148ky vytvo\u0159en\u00e9 a formulovan\u00e9 pro jedine\u010dn\u00e9 pot\u0159eby \u017eensk\u00e9ho t\u011bla. Pokud nejsou ur\u010deny pro mu\u017ee a svaly, jsou dopl\u0148ky \u010dasto jen pr\u00e1zdn\u00e9 sliby na hubnut\u00ed, kter\u00e9 jsou v nejlep\u0161\u00edm p\u0159\u00edpad\u011b ne\u00fa\u010dinn\u00e9, a v tom nejhor\u0161\u00edm \u0161kodliv\u00e9 nebo dokonce neleg\u00e1ln\u00ed. Samoz\u0159ejm\u011b existuj\u00ed v\u00fdjimky, ale bu\u010fme up\u0159\u00edmn\u00e9 \u2013 narazila jsi u n\u00e1s n\u011bkdy na zna\u010dku c\u00edlenou na \u017eeny?<\/p><h4><span style=\"font-size: 14pt; color: #ff8346;\"><b>3. Funguj\u00ed?<\/b><\/span><\/h4><p><span style=\"font-weight: 400;\">Existuj\u00ed dva zp\u016fsoby, jak u\u0161et\u0159it p\u0159i v\u00fdrob\u011b dopl\u0148ku \u2013 pou\u017e\u00edt men\u0161\u00ed mno\u017estv\u00ed slo\u017eek nebo zvolit levn\u011bj\u0161\u00ed suroviny. V obou p\u0159\u00edpadech je \u00fa\u010dinnost ob\u011btov\u00e1na, co\u017e m\u011b jako spot\u0159ebitelku opravdu \u0161tve, a proto jsem se rozhodla n\u011bco zm\u011bnit \u2013 pro sebe i pro ostatn\u00ed \u017eeny, kter\u00e9 to vid\u00ed stejn\u011b jako j\u00e1.<\/span><\/p><h4><span style=\"font-size: 14pt; color: #ff8346;\"><b>4. D\u00e1 se jim v\u011b\u0159it?<\/b><\/span><\/h4><p>I kdy\u017e v\u0161echno na prvn\u00ed pohled vypad\u00e1 v po\u0159\u00e1dku, pochopila jsem, \u017ee slo\u017een\u00ed \u010dasto neodpov\u00edd\u00e1 etiket\u011b, na trhu jsou pad\u011blky velk\u00fdch zna\u010dek a dal\u0161\u00ed \u0161\u00edlenosti&#8230;<br \/>Tak vznikla my\u0161lenka na ANSA! Ve skute\u010dnosti znamen\u00e1 tento n\u00e1zev v arab\u0161tin\u011b \u201emilovan\u00e1, z\u00e1\u0159iv\u00e1, mlad\u00e1\u201c. Nejsem Arabka, ale to jm\u00e9no se mi v\u017edycky l\u00edbilo. V\u0161echny si zaslou\u017e\u00edme kvalitn\u00ed a dostupnou p\u00e9\u010di, kter\u00e9 m\u016f\u017eeme v\u011b\u0159it. V\u0161echny si zaslou\u017e\u00edme b\u00fdt milovan\u00e9, z\u00e1\u0159iv\u00e9 a mlad\u00e9.<\/p><p>Zbo\u017e\u0148uji posl\u00e1n\u00ed sv\u00e9 zna\u010dky \u2013 OD \u017dEN, PRO \u017dENY, kter\u00e1 nab\u00edz\u00ed kvalitn\u00ed a dostupnou p\u00e9\u010di, po kter\u00e9, podle m\u011b, ka\u017ed\u00e1 d\u00edvka tou\u017e\u00ed.<\/p><p>M\u00e1m \u010dty\u0159i z\u00e1kladn\u00ed principy, kter\u00fdch se nikdy nevzd\u00e1m:<\/p><ul><li>V\u0161echno mus\u00ed b\u00fdt formulov\u00e1no odborn\u00edky pro jedine\u010dn\u00e9 pot\u0159eby \u017een.<\/li><li>Db\u00e1m na nejkvalitn\u011bj\u0161\u00ed suroviny.<\/li><li>V\u017edy budu spolupracovat jen s v\u00fdrobci, kte\u0159\u00ed maj\u00ed nejlep\u0161\u00ed v\u00fdrobn\u00ed standardy.<\/li><li>\u017d\u00e1dn\u00e9 \u0161kodliv\u00e9 slo\u017eky, \u017e\u00e1dn\u00e9 v\u00fdpln\u011b, \u017e\u00e1dn\u00e9 pr\u00e1zdn\u00e9 sliby.<\/li><\/ul><p>Ansa se narodila v kr\u00e1sn\u00e9 bulharsk\u00e9 tov\u00e1rn\u011b \u2013 \u201eNUTREND BULGARIA\u201c. Nach\u00e1z\u00ed se ve m\u011bst\u011b Slivnitsa, je obrovsk\u00e1, velmi p\u011bkn\u00e1 a zcela nov\u00e1! M\u00e1 v\u0161echna mo\u017en\u00e1 osv\u011bd\u010den\u00ed o kvalit\u011b a kontrole, v\u010detn\u011b registrace u americk\u00e9 agentury FDA. Nebyla to lehk\u00e1 cesta, ale po t\u00e9m\u011b\u0159 roce pr\u00e1ce s opravdu skv\u011bl\u00fdm t\u00fdmem, s\u00e9rii test\u016f a \u00faprav produkt\u016f (d\u00edky za trp\u011blivost \ud83d\ude02), jsme ud\u011blali radost v\u00edce ne\u017e 2000 \u017een\u00e1m s (podle m\u011b a podle tov\u00e1rny) nejkomplexn\u011bj\u0161\u00edm dopl\u0148kem pro \u017eensk\u00e9 zdrav\u00ed \u2013 Ansa Daily Greens. M\u016f\u017eu s hrdost\u00ed \u0159\u00edct, \u017ee se n\u00e1m to da\u0159\u00ed! A to je teprve za\u010d\u00e1tek \u2013 nem\u016f\u017eu se do\u010dkat, a\u017e v\u00e1m uk\u00e1\u017eu, co p\u0159ijde d\u00e1l!<\/p><p>Mal\u00e1 n\u00e1pov\u011bda: chyst\u00e1me nov\u00e9 produkty a kosmetiku \ud83e\udd2d<\/p>\t\t\t\t\t\t\t\t<\/div>\n\t\t\t\t<\/div>\n\t\t\t\t\t<\/div>\n\t\t\t\t<\/div>\n\t\t\t\t<\/div>","protected":false},"excerpt":{"rendered":"<p>Tohle jsem j\u00e1 s m\u00fdm obl\u00edben\u00fdm produktem N\u00e1\u0161 (m\u016fj) p\u0159\u00edb\u011bh Ahoj! Jmenuji se Ekaterina a v n\u00e1sleduj\u00edc\u00edch \u0159\u00e1dc\u00edch v\u00e1m pov\u00edm o sv\u00e9 historii a historii zna\u010dky \u2013 ansa.Cel\u00fd \u017eivot jsem se sna\u017eila o sebe starat, jak nejl\u00e9pe jsem um\u011bla, a ti, kte\u0159\u00ed m\u011b sleduj\u00ed na Instagramu (@ekaterinabalabanovaa), v\u011bd\u00ed, \u017ee ned\u011bl\u00e1m kompromisy. M\u016fj \u017eivot se zm\u011bnil [&hellip;]<\/p>","protected":false},"author":1,"featured_media":0,"parent":0,"menu_order":0,"comment_status":"closed","ping_status":"closed","template":"elementor_header_footer","meta":{"ocean_post_layout":"","ocean_both_sidebars_style":"","ocean_both_sidebars_content_width":0,"ocean_both_sidebars_sidebars_width":0,"ocean_sidebar":"0","ocean_second_sidebar":"0","ocean_disable_margins":"enable","ocean_add_body_class":"","ocean_shortcode_before_top_bar":"","ocean_shortcode_after_top_bar":"","ocean_shortcode_before_header":"","ocean_shortcode_after_header":"","ocean_has_shortcode":"","ocean_shortcode_after_title":"","ocean_shortcode_before_footer_widgets":"","ocean_shortcode_after_footer_widgets":"","ocean_shortcode_before_footer_bottom":"","ocean_shortcode_after_footer_bottom":"","ocean_display_top_bar":"default","ocean_display_header":"default","ocean_header_style":"","ocean_center_header_left_menu":"0","ocean_custom_header_template":"0","ocean_custom_logo":0,"ocean_custom_retina_logo":0,"ocean_custom_logo_max_width":0,"ocean_custom_logo_tablet_max_width":0,"ocean_custom_logo_mobile_max_width":0,"ocean_custom_logo_max_height":0,"ocean_custom_logo_tablet_max_height":0,"ocean_custom_logo_mobile_max_height":0,"ocean_header_custom_menu":"0","ocean_menu_typo_font_family":"0","ocean_menu_typo_font_subset":"","ocean_menu_typo_font_size":0,"ocean_menu_typo_font_size_tablet":0,"ocean_menu_typo_font_size_mobile":0,"ocean_menu_typo_font_size_unit":"px","ocean_menu_typo_font_weight":"","ocean_menu_typo_font_weight_tablet":"","ocean_menu_typo_font_weight_mobile":"","ocean_menu_typo_transform":"","ocean_menu_typo_transform_tablet":"","ocean_menu_typo_transform_mobile":"","ocean_menu_typo_line_height":0,"ocean_menu_typo_line_height_tablet":0,"ocean_menu_typo_line_height_mobile":0,"ocean_menu_typo_line_height_unit":"","ocean_menu_typo_spacing":0,"ocean_menu_typo_spacing_tablet":0,"ocean_menu_typo_spacing_mobile":0,"ocean_menu_typo_spacing_unit":"","ocean_menu_link_color":"","ocean_menu_link_color_hover":"","ocean_menu_link_color_active":"","ocean_menu_link_background":"","ocean_menu_link_hover_background":"","ocean_menu_link_active_background":"","ocean_menu_social_links_bg":"","ocean_menu_social_hover_links_bg":"","ocean_menu_social_links_color":"","ocean_menu_social_hover_links_color":"","ocean_disable_title":"default","ocean_disable_heading":"default","ocean_post_title":"","ocean_post_subheading":"","ocean_post_title_style":"","ocean_post_title_background_color":"","ocean_post_title_background":0,"ocean_post_title_bg_image_position":"","ocean_post_title_bg_image_attachment":"","ocean_post_title_bg_image_repeat":"","ocean_post_title_bg_image_size":"","ocean_post_title_height":0,"ocean_post_title_bg_overlay":0.5,"ocean_post_title_bg_overlay_color":"","ocean_disable_breadcrumbs":"default","ocean_breadcrumbs_color":"","ocean_breadcrumbs_separator_color":"","ocean_breadcrumbs_links_color":"","ocean_breadcrumbs_links_hover_color":"","ocean_display_footer_widgets":"default","ocean_display_footer_bottom":"default","ocean_custom_footer_template":"0","footnotes":""},"class_list":["post-577","page","type-page","status-publish","hentry","entry","owp-thumbs-layout-horizontal","owp-btn-normal","owp-tabs-layout-horizontal","has-no-thumbnails","has-product-nav"],"yoast_head":"<!-- This site is optimized with the Yoast SEO plugin v25.3 - https:\/\/yoast.com\/wordpress\/plugins\/seo\/ -->\n<title>A\u0219a am creat ANSA - Zdrav\u00ed \u017eeny: Produkty a tipy pro p\u00e9\u010di o t\u011blo<\/title>\n<meta name=\"robots\" content=\"index, follow, max-snippet:-1, max-image-preview:large, max-video-preview:-1\" \/>\n<link rel=\"canonical\" href=\"https:\/\/myansa.cz\/cs\/asa-am-creat-ansa\/\" \/>\n<meta property=\"og:locale\" content=\"cs_CZ\" \/>\n<meta property=\"og:type\" content=\"article\" \/>\n<meta property=\"og:title\" content=\"A\u0219a am creat ANSA - Zdrav\u00ed \u017eeny: Produkty a tipy pro p\u00e9\u010di o t\u011blo\" \/>\n<meta property=\"og:description\" content=\"Tohle jsem j\u00e1 s m\u00fdm obl\u00edben\u00fdm produktem N\u00e1\u0161 (m\u016fj) p\u0159\u00edb\u011bh Ahoj! Jmenuji se Ekaterina a v n\u00e1sleduj\u00edc\u00edch \u0159\u00e1dc\u00edch v\u00e1m pov\u00edm o sv\u00e9 historii a historii zna\u010dky \u2013 ansa.Cel\u00fd \u017eivot jsem se sna\u017eila o sebe starat, jak nejl\u00e9pe jsem um\u011bla, a ti, kte\u0159\u00ed m\u011b sleduj\u00ed na Instagramu (@ekaterinabalabanovaa), v\u011bd\u00ed, \u017ee ned\u011bl\u00e1m kompromisy. M\u016fj \u017eivot se zm\u011bnil [&hellip;]\" \/>\n<meta property=\"og:url\" content=\"https:\/\/myansa.cz\/cs\/asa-am-creat-ansa\/\" \/>\n<meta property=\"og:site_name\" content=\"Zdrav\u00ed \u017eeny: Produkty a tipy pro p\u00e9\u010di o t\u011blo\" \/>\n<meta property=\"article:modified_time\" content=\"2025-07-16T11:04:27+00:00\" \/>\n<meta property=\"og:image\" content=\"https:\/\/myansa.cz\/wp-content\/uploads\/2024\/11\/single-grid-kate-1024x1024.jpg\" \/>\n<meta name=\"twitter:card\" content=\"summary_large_image\" \/>\n<meta name=\"twitter:label1\" content=\"Odhadovan\u00e1 doba \u010dten\u00ed\" \/>\n\t<meta name=\"twitter:data1\" content=\"4 minuty\" \/>\n<script type=\"application\/ld+json\" class=\"yoast-schema-graph\">{\"@context\":\"https:\/\/schema.org\",\"@graph\":[{\"@type\":\"WebPage\",\"@id\":\"https:\/\/myansa.cz\/cs\/asa-am-creat-ansa\/\",\"url\":\"https:\/\/myansa.cz\/cs\/asa-am-creat-ansa\/\",\"name\":\"A\u0219a am creat ANSA - Zdrav\u00ed \u017eeny: Produkty a tipy pro p\u00e9\u010di o t\u011blo\",\"isPartOf\":{\"@id\":\"https:\/\/myansa.cz\/#website\"},\"primaryImageOfPage\":{\"@id\":\"https:\/\/myansa.cz\/cs\/asa-am-creat-ansa\/#primaryimage\"},\"image\":{\"@id\":\"https:\/\/myansa.cz\/cs\/asa-am-creat-ansa\/#primaryimage\"},\"thumbnailUrl\":\"https:\/\/myansa.cz\/wp-content\/uploads\/2024\/11\/single-grid-kate-1024x1024.jpg\",\"datePublished\":\"2024-11-27T12:18:34+00:00\",\"dateModified\":\"2025-07-16T11:04:27+00:00\",\"breadcrumb\":{\"@id\":\"https:\/\/myansa.cz\/cs\/asa-am-creat-ansa\/#breadcrumb\"},\"inLanguage\":\"cs\",\"potentialAction\":[{\"@type\":\"ReadAction\",\"target\":[\"https:\/\/myansa.cz\/cs\/asa-am-creat-ansa\/\"]}]},{\"@type\":\"ImageObject\",\"inLanguage\":\"cs\",\"@id\":\"https:\/\/myansa.cz\/cs\/asa-am-creat-ansa\/#primaryimage\",\"url\":\"https:\/\/myansa.cz\/wp-content\/uploads\/2024\/11\/single-grid-kate-1024x1024.jpg\",\"contentUrl\":\"https:\/\/myansa.cz\/wp-content\/uploads\/2024\/11\/single-grid-kate-1024x1024.jpg\"},{\"@type\":\"BreadcrumbList\",\"@id\":\"https:\/\/myansa.cz\/cs\/asa-am-creat-ansa\/#breadcrumb\",\"itemListElement\":[{\"@type\":\"ListItem\",\"position\":1,\"name\":\"Home\",\"item\":\"https:\/\/myansa.cz\/\"},{\"@type\":\"ListItem\",\"position\":2,\"name\":\"A\u0219a am creat ANSA\"}]},{\"@type\":\"WebSite\",\"@id\":\"https:\/\/myansa.cz\/#website\",\"url\":\"https:\/\/myansa.cz\/\",\"name\":\"Zdrav\u00ed \u017eeny: Produkty a tipy pro p\u00e9\u010di o t\u011blo\",\"description\":\"\",\"potentialAction\":[{\"@type\":\"SearchAction\",\"target\":{\"@type\":\"EntryPoint\",\"urlTemplate\":\"https:\/\/myansa.cz\/?s={search_term_string}\"},\"query-input\":{\"@type\":\"PropertyValueSpecification\",\"valueRequired\":true,\"valueName\":\"search_term_string\"}}],\"inLanguage\":\"cs\"}]}<\/script>\n<!-- \/ Yoast SEO plugin. -->","yoast_head_json":{"title":"A\u0219a am creat ANSA - Zdrav\u00ed \u017eeny: Produkty a tipy pro p\u00e9\u010di o t\u011blo","robots":{"index":"index","follow":"follow","max-snippet":"max-snippet:-1","max-image-preview":"max-image-preview:large","max-video-preview":"max-video-preview:-1"},"canonical":"https:\/\/myansa.cz\/cs\/asa-am-creat-ansa\/","og_locale":"cs_CZ","og_type":"article","og_title":"A\u0219a am creat ANSA - Zdrav\u00ed \u017eeny: Produkty a tipy pro p\u00e9\u010di o t\u011blo","og_description":"Tohle jsem j\u00e1 s m\u00fdm obl\u00edben\u00fdm produktem N\u00e1\u0161 (m\u016fj) p\u0159\u00edb\u011bh Ahoj! Jmenuji se Ekaterina a v n\u00e1sleduj\u00edc\u00edch \u0159\u00e1dc\u00edch v\u00e1m pov\u00edm o sv\u00e9 historii a historii zna\u010dky \u2013 ansa.Cel\u00fd \u017eivot jsem se sna\u017eila o sebe starat, jak nejl\u00e9pe jsem um\u011bla, a ti, kte\u0159\u00ed m\u011b sleduj\u00ed na Instagramu (@ekaterinabalabanovaa), v\u011bd\u00ed, \u017ee ned\u011bl\u00e1m kompromisy. M\u016fj \u017eivot se zm\u011bnil [&hellip;]","og_url":"https:\/\/myansa.cz\/cs\/asa-am-creat-ansa\/","og_site_name":"Zdrav\u00ed \u017eeny: Produkty a tipy pro p\u00e9\u010di o t\u011blo","article_modified_time":"2025-07-16T11:04:27+00:00","og_image":[{"url":"https:\/\/myansa.cz\/wp-content\/uploads\/2024\/11\/single-grid-kate-1024x1024.jpg","type":"","width":"","height":""}],"twitter_card":"summary_large_image","twitter_misc":{"Odhadovan\u00e1 doba \u010dten\u00ed":"4 minuty"},"schema":{"@context":"https:\/\/schema.org","@graph":[{"@type":"WebPage","@id":"https:\/\/myansa.cz\/cs\/asa-am-creat-ansa\/","url":"https:\/\/myansa.cz\/cs\/asa-am-creat-ansa\/","name":"A\u0219a am creat ANSA - Zdrav\u00ed \u017eeny: Produkty a tipy pro p\u00e9\u010di o t\u011blo","isPartOf":{"@id":"https:\/\/myansa.cz\/#website"},"primaryImageOfPage":{"@id":"https:\/\/myansa.cz\/cs\/asa-am-creat-ansa\/#primaryimage"},"image":{"@id":"https:\/\/myansa.cz\/cs\/asa-am-creat-ansa\/#primaryimage"},"thumbnailUrl":"https:\/\/myansa.cz\/wp-content\/uploads\/2024\/11\/single-grid-kate-1024x1024.jpg","datePublished":"2024-11-27T12:18:34+00:00","dateModified":"2025-07-16T11:04:27+00:00","breadcrumb":{"@id":"https:\/\/myansa.cz\/cs\/asa-am-creat-ansa\/#breadcrumb"},"inLanguage":"cs","potentialAction":[{"@type":"ReadAction","target":["https:\/\/myansa.cz\/cs\/asa-am-creat-ansa\/"]}]},{"@type":"ImageObject","inLanguage":"cs","@id":"https:\/\/myansa.cz\/cs\/asa-am-creat-ansa\/#primaryimage","url":"https:\/\/myansa.cz\/wp-content\/uploads\/2024\/11\/single-grid-kate-1024x1024.jpg","contentUrl":"https:\/\/myansa.cz\/wp-content\/uploads\/2024\/11\/single-grid-kate-1024x1024.jpg"},{"@type":"BreadcrumbList","@id":"https:\/\/myansa.cz\/cs\/asa-am-creat-ansa\/#breadcrumb","itemListElement":[{"@type":"ListItem","position":1,"name":"Home","item":"https:\/\/myansa.cz\/"},{"@type":"ListItem","position":2,"name":"A\u0219a am creat ANSA"}]},{"@type":"WebSite","@id":"https:\/\/myansa.cz\/#website","url":"https:\/\/myansa.cz\/","name":"Zdrav\u00ed \u017eeny: Produkty a tipy pro p\u00e9\u010di o t\u011blo","description":"","potentialAction":[{"@type":"SearchAction","target":{"@type":"EntryPoint","urlTemplate":"https:\/\/myansa.cz\/?s={search_term_string}"},"query-input":{"@type":"PropertyValueSpecification","valueRequired":true,"valueName":"search_term_string"}}],"inLanguage":"cs"}]}},"_links":{"self":[{"href":"https:\/\/myansa.cz\/cs\/wp-json\/wp\/v2\/pages\/577","targetHints":{"allow":["GET"]}}],"collection":[{"href":"https:\/\/myansa.cz\/cs\/wp-json\/wp\/v2\/pages"}],"about":[{"href":"https:\/\/myansa.cz\/cs\/wp-json\/wp\/v2\/types\/page"}],"author":[{"embeddable":true,"href":"https:\/\/myansa.cz\/cs\/wp-json\/wp\/v2\/users\/1"}],"replies":[{"embeddable":true,"href":"https:\/\/myansa.cz\/cs\/wp-json\/wp\/v2\/comments?post=577"}],"version-history":[{"count":3,"href":"https:\/\/myansa.cz\/cs\/wp-json\/wp\/v2\/pages\/577\/revisions"}],"predecessor-version":[{"id":6149,"href":"https:\/\/myansa.cz\/cs\/wp-json\/wp\/v2\/pages\/577\/revisions\/6149"}],"wp:attachment":[{"href":"https:\/\/myansa.cz\/cs\/wp-json\/wp\/v2\/media?parent=577"}],"curies":[{"name":"wp","href":"https:\/\/api.w.org\/{rel}","templated":true}]}}