{"id":621,"date":"2024-11-28T06:22:46","date_gmt":"2024-11-28T06:22:46","guid":{"rendered":"https:\/\/satlujwebsolution.com\/clients\/ansabg\/?page_id=621"},"modified":"2025-07-16T12:39:40","modified_gmt":"2025-07-16T12:39:40","slug":"politica-de-securitate","status":"publish","type":"page","link":"https:\/\/myansa.cz\/cs\/politica-de-securitate\/","title":{"rendered":"politica de securitate"},"content":{"rendered":"<div data-elementor-type=\"wp-page\" data-elementor-id=\"621\" class=\"elementor elementor-621\" data-elementor-post-type=\"page\">\n\t\t\t\t<div class=\"elementor-element elementor-element-6573de7 e-flex e-con-boxed e-con e-parent\" data-id=\"6573de7\" data-element_type=\"container\" data-e-type=\"container\" data-settings=\"{&quot;background_background&quot;:&quot;classic&quot;}\">\n\t\t\t\t\t<div class=\"e-con-inner\">\n\t\t\t\t<div class=\"elementor-element elementor-element-b7de05f elementor-widget__width-auto elementor-widget elementor-widget-heading\" data-id=\"b7de05f\" data-element_type=\"widget\" data-e-type=\"widget\" data-widget_type=\"heading.default\">\n\t\t\t\t<div class=\"elementor-widget-container\">\n\t\t\t\t\t<h2 class=\"elementor-heading-title elementor-size-default\">Z\u00e1sady ochrany osobn\u00edch \u00fadaj\u016f<\/h2>\t\t\t\t<\/div>\n\t\t\t\t<\/div>\n\t\t\t\t<div class=\"elementor-element elementor-element-c5ab1fb elementor-widget elementor-widget-text-editor\" data-id=\"c5ab1fb\" data-element_type=\"widget\" data-e-type=\"widget\" data-widget_type=\"text-editor.default\">\n\t\t\t\t<div class=\"elementor-widget-container\">\n\t\t\t\t\t\t\t\t\t<p>[Informace o spole\u010dnosti, kter\u00e1 zpracov\u00e1v\u00e1 va\u0161e \u00fadaje:]<\/p><p><strong><span style=\"color: #ff8346;\">V\u00ddROBCE A DISTRIBUTOR:<\/span><\/strong><\/p><p>&#8220;ANSA GLOBAL&#8221; s.r.o. (d\u00e1le jen \u201eSpr\u00e1vce\u201c, \u201eMy\u201c nebo \u201eSpole\u010dnost\u201c) vykon\u00e1v\u00e1 svou \u010dinnost v souladu se z\u00e1konem o ochran\u011b osobn\u00edch \u00fadaj\u016f a Na\u0159\u00edzen\u00edm (EU) 2016\/679 Evropsk\u00e9ho parlamentu a Rady ze dne 27. dubna 2016 o ochran\u011b fyzick\u00fdch osob v souvislosti se zpracov\u00e1n\u00edm osobn\u00edch \u00fadaj\u016f a o voln\u00e9m pohybu t\u011bchto \u00fadaj\u016f. Tyto z\u00e1sady si kladou za c\u00edl informovat v\u00e1s o v\u0161ech aspektech zpracov\u00e1n\u00ed va\u0161ich osobn\u00edch \u00fadaj\u016f spole\u010dnost\u00ed a o pr\u00e1vech, kter\u00e1 v t\u00e9to souvislosti m\u00e1te.<\/p><p>Spole\u010dnost &#8220;ANSA GLOBAL&#8221; s.r.o. zaru\u010duje u\u017eivatel\u016fm\/z\u00e1kazn\u00edk\u016fm d\u016fv\u011brnost poskytnut\u00fdch informac\u00ed a osobn\u00edch \u00fadaj\u016f. Tyto \u00fadaje nebudou pou\u017eity, zp\u0159\u00edstupn\u011bny ani sd\u00edleny se t\u0159et\u00edmi stranami, krom\u011b p\u0159\u00edpad\u016f a podm\u00ednek uveden\u00fdch v t\u011bchto z\u00e1sad\u00e1ch ochrany osobn\u00edch \u00fadaj\u016f.<\/p><p>Spole\u010dnost &#8220;ANSA GLOBAL&#8221; s.r.o. shroma\u017e\u010fuje a zpracov\u00e1v\u00e1 va\u0161e osobn\u00ed \u00fadaje v souvislosti s pou\u017e\u00edv\u00e1n\u00edm online obchodu <a href=\"https:\/\/nitrotiger.com\/\" target=\"_new\" rel=\"noopener\">https:\/\/myansa.cz\/<\/a> a uzav\u00edr\u00e1n\u00edm smluv se spole\u010dnost\u00ed v souladu s \u010dl. 6 odst. 1 Na\u0159\u00edzen\u00ed (EU) 2016\/679 (GDPR), konkr\u00e9tn\u011b na z\u00e1klad\u011b t\u011bchto pr\u00e1vn\u00edch d\u016fvod\u016f:<\/p><p>1.1. V\u00fdslovn\u00fd souhlas ud\u011blen\u00fd u\u017eivatelem\/z\u00e1kazn\u00edkem;<\/p><p>1.2. Pln\u011bn\u00ed smluvn\u00edch povinnost\u00ed spole\u010dnosti &#8220;ANSA GLOBAL&#8221; s.r.o. v\u016f\u010di u\u017eivateli\/z\u00e1kazn\u00edkovi;<\/p><p>1.3. Pln\u011bn\u00ed pr\u00e1vn\u00ed povinnosti, kter\u00e1 se na spole\u010dnost &#8220;ANSA GLOBAL&#8221; s.r.o. vztahuje;<\/p><p>1.4. Opr\u00e1vn\u011bn\u00fd z\u00e1jem spole\u010dnosti &#8220;ANSA GLOBAL&#8221; s.r.o. nebo t\u0159et\u00ed strany.<\/p><p>Spole\u010dnost &#8220;ANSA GLOBAL&#8221; s.r.o. shroma\u017e\u010fuje a zpracov\u00e1v\u00e1 osobn\u00ed \u00fadaje, kter\u00e9 u\u017eivatel\u00e9\/z\u00e1kazn\u00edci poskytuj\u00ed v souvislosti s pou\u017e\u00edv\u00e1n\u00edm online obchodu https:\/\/myansa.cz a uzav\u0159en\u00edm smlouvy se spole\u010dnost\u00ed, a to zejm\u00e9na pro tyto \u00fa\u010dely:<\/p><p>2.1. Vytvo\u0159en\u00ed profilu a zaji\u0161t\u011bn\u00ed pln\u00e9 funk\u010dnosti p\u0159i pou\u017e\u00edv\u00e1n\u00ed online obchodu;<\/p><p>2.2. Personalizace smlouvy;<\/p><p>2.3. \u00da\u010detn\u00ed \u00fa\u010dely;<\/p><p>2.4. Statistick\u00e9 \u00fa\u010dely;<\/p><p>2.5. Zaji\u0161t\u011bn\u00ed informa\u010dn\u00ed bezpe\u010dnosti;<\/p><p>2.6. Zaji\u0161t\u011bn\u00ed pln\u011bn\u00ed smlouvy;<\/p><p>2.7. Odes\u00edl\u00e1n\u00ed newsletteru na \u017e\u00e1dost u\u017eivatele\/z\u00e1kazn\u00edka.<\/p><p>2a. P\u0159i zpracov\u00e1n\u00ed osobn\u00edch \u00fadaj\u016f u\u017eivatel\u016f\/z\u00e1kazn\u00edk\u016f se spole\u010dnost &#8220;ANSA GLOBAL&#8221; s.r.o. \u0159\u00edd\u00ed t\u011bmito z\u00e1sadami:<\/p><p>3.1. Z\u00e1konnost, korektnost a transparentnost;<\/p><p>3.2. Omezen\u00ed \u00fa\u010delu zpracov\u00e1n\u00ed;<\/p><p>3.3. \u00dam\u011brnost \u00fa\u010delu a minimalizace \u00fadaj\u016f;<\/p><p>3.4. P\u0159esnost a aktu\u00e1lnost \u00fadaj\u016f;<\/p><p>3.5. Omezen\u00e9 uchov\u00e1n\u00ed \u00fadaj\u016f pouze po dobu nezbytnou k dosa\u017een\u00ed \u00fa\u010del\u016f;<\/p><p>3.6. Integrita, d\u016fv\u011brnost a zaji\u0161t\u011bn\u00ed p\u0159im\u011b\u0159en\u00e9 \u00farovn\u011b zabezpe\u010den\u00ed osobn\u00edch \u00fadaj\u016f.<\/p><p>Spole\u010dnost &#8220;ANSA GLOBAL&#8221; s.r.o. prov\u00e1d\u00ed n\u00e1sleduj\u00edc\u00ed operace s osobn\u00edmi \u00fadaji poskytnut\u00fdmi u\u017eivateli\/z\u00e1kazn\u00edky pro tyto \u00fa\u010dely:<\/p><p>3.1. Registrace u\u017eivatelsk\u00e9ho profilu v online obchod\u011b a pln\u011bn\u00ed kupn\u00ed smlouvy na d\u00e1lku \u2013 c\u00edlem je vytvo\u0159en\u00ed profilu pro n\u00e1kup produkt\u016f online a poskytnut\u00ed kontaktn\u00edch \u00fadaj\u016f pro doru\u010den\u00ed. Registrace a vytvo\u0159en\u00ed u\u017eivatelsk\u00e9ho profilu nen\u00ed povinnou podm\u00ednkou n\u00e1kupu a lze nakupovat i bez n\u011bj;<\/p><p>3.2. Uzav\u0159en\u00ed a pln\u011bn\u00ed obchodn\u00ed smlouvy s klientem nebo partnerem \u2013 c\u00edlem je spr\u00e1va smlouvy a vztahu;<\/p><p>3.3. Odes\u00edl\u00e1n\u00ed newsletteru a reklamn\u00edch sd\u011blen\u00ed \u2013 c\u00edlem je spr\u00e1va odes\u00edl\u00e1n\u00ed newsletter\u016f pro u\u017eivatele\/z\u00e1kazn\u00edky, kte\u0159\u00ed o n\u011b po\u017e\u00e1dali, a spr\u00e1va procesu odm\u00edtnut\u00ed \u010di st\u00ed\u017enost\u00ed;<\/p><p>3.4. Prodej zbo\u017e\u00ed na d\u00e1lku \u2013 c\u00edlem je umo\u017en\u011bn\u00ed p\u0159evodu zbo\u017e\u00ed formou uzav\u0159en\u00ed smlouvy na d\u00e1lku s fyzickou osobou.<\/p><p><strong>1. Kdo jsme<\/strong><br \/>Tato webov\u00e1 str\u00e1nka je provozov\u00e1na spole\u010dnost\u00ed Ansa Global. Pro dotazy t\u00fdkaj\u00edc\u00ed se ochrany osobn\u00edch \u00fadaj\u016f n\u00e1s kontaktujte na [ansa@ansa-czechia.fn2vbeuzum-lxd6rwvew39g.p.temp-site.link].<\/p><p><strong>2. Jak\u00e9 informace<\/strong> shroma\u017e\u010fujeme<br \/>Shroma\u017e\u010fujeme n\u00e1sleduj\u00edc\u00ed typy \u00fadaj\u016f:<\/p><p>\u00dadaje poskytnut\u00e9 v\u00e1mi: jm\u00e9no, doru\u010dovac\u00ed adresa, faktura\u010dn\u00ed adresa, telefonn\u00ed \u010d\u00edslo, e-mailov\u00e1 adresa, platebn\u00ed \u00fadaje.<\/p><p>Automaticky shroma\u017e\u010fovan\u00e9 \u00fadaje: IP adresa, typ za\u0159\u00edzen\u00ed, pou\u017eit\u00fd prohl\u00ed\u017ee\u010d, nav\u0161t\u00edven\u00e9 str\u00e1nky, akce proveden\u00e9 na webu.<\/p><p>\u00dadaje shroma\u017e\u010fovan\u00e9 pomoc\u00ed analytick\u00fdch a sledovac\u00edch n\u00e1stroj\u016f, jako je Microsoft Clarity a dal\u0161\u00ed cookie technologie.<\/p><p><strong>3. Jak \u00fadaje pou\u017e\u00edv\u00e1me<\/strong><br \/>Va\u0161e \u00fadaje pou\u017e\u00edv\u00e1me pro n\u00e1sleduj\u00edc\u00ed \u00fa\u010dely:<\/p><p>Zpracov\u00e1n\u00ed a doru\u010den\u00ed objedn\u00e1vek<\/p><p>Zlep\u0161en\u00ed u\u017eivatelsk\u00e9 zku\u0161enosti a funk\u010dnosti webu<\/p><p>Anal\u00fdzu chov\u00e1n\u00ed u\u017eivatel\u016f na webu<\/p><p>Obchodn\u00ed komunikace \u2013 pouze s va\u0161\u00edm v\u00fdslovn\u00fdm souhlasem<\/p><p>Pln\u011bn\u00ed z\u00e1konn\u00fdch povinnost\u00ed<\/p><p><strong>4. Cookies a sledovac\u00ed<\/strong> technologie<br \/>Pou\u017e\u00edv\u00e1me cookies a podobn\u00e9 n\u00e1stroje k pochopen\u00ed chov\u00e1n\u00ed n\u00e1v\u0161t\u011bvn\u00edk\u016f a ke zlep\u0161en\u00ed v\u00fdkonu webu. Pat\u0159\u00ed mezi n\u011b:<\/p><p>Microsoft Clarity \u2013 pro anal\u00fdzu interakce u\u017eivatel\u016f (pohyb my\u0161\u00ed, kliknut\u00ed, navigace po str\u00e1nk\u00e1ch)<\/p><p>Google Analytics (pokud pou\u017e\u00edv\u00e1te) \u2013 pro statistiky n\u00e1v\u0161t\u011bvnosti<\/p><p>Facebook Pixel (pokud pou\u017e\u00edv\u00e1te) \u2013 pro optimalizaci reklam<\/p><p>Tyto n\u00e1stroje mohou shroma\u017e\u010fovat anonymn\u00ed informace o va\u0161em chov\u00e1n\u00ed na str\u00e1nce. Nezpracov\u00e1v\u00e1me a nep\u0159ed\u00e1v\u00e1me identifikovateln\u00e9 osobn\u00ed \u00fadaje prost\u0159ednictv\u00edm t\u011bchto technologi\u00ed.<\/p><p>Nastaven\u00ed cookies m\u016f\u017eete spravovat prost\u0159ednictv\u00edm li\u0161ty souhlasu nebo nastaven\u00ed va\u0161eho prohl\u00ed\u017ee\u010de.<\/p><p><strong>5. Sd\u00edlen\u00ed \u00fadaj\u016f s t\u0159et\u00edmi stranami<\/strong><br \/>Va\u0161e \u00fadaje neprod\u00e1v\u00e1me ani nepronaj\u00edm\u00e1me t\u0159et\u00edm stran\u00e1m.<\/p><p>\u00dadaje mohou b\u00fdt sd\u00edleny pouze s:<\/p><p>Na\u0161imi poskytovateli slu\u017eeb (nap\u0159. platebn\u00ed br\u00e1ny, doru\u010dovac\u00ed slu\u017eby)<\/p><p>Analytick\u00fdmi a marketingov\u00fdmi n\u00e1stroji jako Microsoft Clarity nebo Google Analytics<\/p><p>\u00da\u0159ady, pokud to vy\u017eaduje z\u00e1kon<\/p><p><strong>6. Pr\u00e1vn\u00ed z\u00e1klad zpracov\u00e1n\u00ed (GDPR)<\/strong><br \/>Va\u0161e \u00fadaje zpracov\u00e1v\u00e1me na z\u00e1klad\u011b:<\/p><p>Pln\u011bn\u00ed smlouvy (nap\u0159. pro doru\u010den\u00ed objedn\u00e1vek)<\/p><p>Va\u0161eho souhlasu (nap\u0159. pro newsletter nebo voliteln\u00e9 cookies)<\/p><p>Na\u0161eho opr\u00e1vn\u011bn\u00e9ho z\u00e1jmu (nap\u0159. pro vylep\u0161en\u00ed webu)<\/p><p>Pr\u00e1vn\u00edch povinnost\u00ed<\/p><p><strong>7. Va\u0161e pr\u00e1va<\/strong><br \/>Podle platn\u00e9 legislativy m\u00e1te pr\u00e1vo:<\/p><p>P\u0159\u00edstup k osobn\u00edm \u00fadaj\u016fm, kter\u00e9 o v\u00e1s uchov\u00e1v\u00e1me<\/p><p>Po\u017e\u00e1dat o jejich opravu nebo v\u00fdmaz<\/p><p>Omezit nebo vzn\u00e9st n\u00e1mitku proti zpracov\u00e1n\u00ed<\/p><p>Odvolat souhlas, pokud byl ud\u011blen<\/p><p>Podat st\u00ed\u017enost u \u00da\u0159adu pro ochranu osobn\u00edch \u00fadaj\u016f<\/p><p>Pro uplatn\u011bn\u00ed t\u011bchto pr\u00e1v n\u00e1s kontaktujte na [kontaktn\u00ed e-mail].<\/p><p><strong>8. Zabezpe\u010den\u00ed \u00fadaj\u016f<\/strong><br \/>P\u0159ij\u00edm\u00e1me technick\u00e1 a organiza\u010dn\u00ed opat\u0159en\u00ed k ochran\u011b va\u0161ich \u00fadaj\u016f p\u0159ed neopr\u00e1vn\u011bn\u00fdm p\u0159\u00edstupem, ztr\u00e1tou nebo zni\u010den\u00edm.<\/p>\t\t\t\t\t\t\t\t<\/div>\n\t\t\t\t<\/div>\n\t\t\t\t\t<\/div>\n\t\t\t\t<\/div>\n\t\t\t\t<\/div>","protected":false},"excerpt":{"rendered":"<p>Z\u00e1sady ochrany osobn\u00edch \u00fadaj\u016f [Informace o spole\u010dnosti, kter\u00e1 zpracov\u00e1v\u00e1 va\u0161e \u00fadaje:] V\u00ddROBCE A DISTRIBUTOR: &#8220;ANSA GLOBAL&#8221; s.r.o. (d\u00e1le jen \u201eSpr\u00e1vce\u201c, \u201eMy\u201c nebo \u201eSpole\u010dnost\u201c) vykon\u00e1v\u00e1 svou \u010dinnost v souladu se z\u00e1konem o ochran\u011b osobn\u00edch \u00fadaj\u016f a Na\u0159\u00edzen\u00edm (EU) 2016\/679 Evropsk\u00e9ho parlamentu a Rady ze dne 27. dubna 2016 o ochran\u011b fyzick\u00fdch osob v souvislosti se zpracov\u00e1n\u00edm [&hellip;]<\/p>","protected":false},"author":1,"featured_media":0,"parent":0,"menu_order":0,"comment_status":"closed","ping_status":"closed","template":"elementor_header_footer","meta":{"ocean_post_layout":"","ocean_both_sidebars_style":"","ocean_both_sidebars_content_width":0,"ocean_both_sidebars_sidebars_width":0,"ocean_sidebar":"0","ocean_second_sidebar":"0","ocean_disable_margins":"enable","ocean_add_body_class":"","ocean_shortcode_before_top_bar":"","ocean_shortcode_after_top_bar":"","ocean_shortcode_before_header":"","ocean_shortcode_after_header":"","ocean_has_shortcode":"","ocean_shortcode_after_title":"","ocean_shortcode_before_footer_widgets":"","ocean_shortcode_after_footer_widgets":"","ocean_shortcode_before_footer_bottom":"","ocean_shortcode_after_footer_bottom":"","ocean_display_top_bar":"default","ocean_display_header":"default","ocean_header_style":"","ocean_center_header_left_menu":"0","ocean_custom_header_template":"0","ocean_custom_logo":0,"ocean_custom_retina_logo":0,"ocean_custom_logo_max_width":0,"ocean_custom_logo_tablet_max_width":0,"ocean_custom_logo_mobile_max_width":0,"ocean_custom_logo_max_height":0,"ocean_custom_logo_tablet_max_height":0,"ocean_custom_logo_mobile_max_height":0,"ocean_header_custom_menu":"0","ocean_menu_typo_font_family":"0","ocean_menu_typo_font_subset":"","ocean_menu_typo_font_size":0,"ocean_menu_typo_font_size_tablet":0,"ocean_menu_typo_font_size_mobile":0,"ocean_menu_typo_font_size_unit":"px","ocean_menu_typo_font_weight":"","ocean_menu_typo_font_weight_tablet":"","ocean_menu_typo_font_weight_mobile":"","ocean_menu_typo_transform":"","ocean_menu_typo_transform_tablet":"","ocean_menu_typo_transform_mobile":"","ocean_menu_typo_line_height":0,"ocean_menu_typo_line_height_tablet":0,"ocean_menu_typo_line_height_mobile":0,"ocean_menu_typo_line_height_unit":"","ocean_menu_typo_spacing":0,"ocean_menu_typo_spacing_tablet":0,"ocean_menu_typo_spacing_mobile":0,"ocean_menu_typo_spacing_unit":"","ocean_menu_link_color":"","ocean_menu_link_color_hover":"","ocean_menu_link_color_active":"","ocean_menu_link_background":"","ocean_menu_link_hover_background":"","ocean_menu_link_active_background":"","ocean_menu_social_links_bg":"","ocean_menu_social_hover_links_bg":"","ocean_menu_social_links_color":"","ocean_menu_social_hover_links_color":"","ocean_disable_title":"default","ocean_disable_heading":"default","ocean_post_title":"","ocean_post_subheading":"","ocean_post_title_style":"","ocean_post_title_background_color":"","ocean_post_title_background":0,"ocean_post_title_bg_image_position":"","ocean_post_title_bg_image_attachment":"","ocean_post_title_bg_image_repeat":"","ocean_post_title_bg_image_size":"","ocean_post_title_height":0,"ocean_post_title_bg_overlay":0.5,"ocean_post_title_bg_overlay_color":"","ocean_disable_breadcrumbs":"default","ocean_breadcrumbs_color":"","ocean_breadcrumbs_separator_color":"","ocean_breadcrumbs_links_color":"","ocean_breadcrumbs_links_hover_color":"","ocean_display_footer_widgets":"default","ocean_display_footer_bottom":"default","ocean_custom_footer_template":"0","footnotes":""},"class_list":["post-621","page","type-page","status-publish","hentry","entry","owp-thumbs-layout-horizontal","owp-btn-normal","owp-tabs-layout-horizontal","has-no-thumbnails","has-product-nav"],"yoast_head":"<!-- This site is optimized with the Yoast SEO plugin v25.3 - https:\/\/yoast.com\/wordpress\/plugins\/seo\/ -->\n<title>politica de securitate - Zdrav\u00ed \u017eeny: Produkty a tipy pro p\u00e9\u010di o t\u011blo<\/title>\n<meta name=\"robots\" content=\"index, follow, max-snippet:-1, max-image-preview:large, max-video-preview:-1\" \/>\n<link rel=\"canonical\" href=\"https:\/\/myansa.cz\/cs\/politica-de-securitate\/\" \/>\n<meta property=\"og:locale\" content=\"cs_CZ\" \/>\n<meta property=\"og:type\" content=\"article\" \/>\n<meta property=\"og:title\" content=\"politica de securitate - Zdrav\u00ed \u017eeny: Produkty a tipy pro p\u00e9\u010di o t\u011blo\" \/>\n<meta property=\"og:description\" content=\"Z\u00e1sady ochrany osobn\u00edch \u00fadaj\u016f [Informace o spole\u010dnosti, kter\u00e1 zpracov\u00e1v\u00e1 va\u0161e \u00fadaje:] V\u00ddROBCE A DISTRIBUTOR: &#8220;ANSA GLOBAL&#8221; s.r.o. (d\u00e1le jen \u201eSpr\u00e1vce\u201c, \u201eMy\u201c nebo \u201eSpole\u010dnost\u201c) vykon\u00e1v\u00e1 svou \u010dinnost v souladu se z\u00e1konem o ochran\u011b osobn\u00edch \u00fadaj\u016f a Na\u0159\u00edzen\u00edm (EU) 2016\/679 Evropsk\u00e9ho parlamentu a Rady ze dne 27. dubna 2016 o ochran\u011b fyzick\u00fdch osob v souvislosti se zpracov\u00e1n\u00edm [&hellip;]\" \/>\n<meta property=\"og:url\" content=\"https:\/\/myansa.cz\/cs\/politica-de-securitate\/\" \/>\n<meta property=\"og:site_name\" content=\"Zdrav\u00ed \u017eeny: Produkty a tipy pro p\u00e9\u010di o t\u011blo\" \/>\n<meta property=\"article:modified_time\" content=\"2025-07-16T12:39:40+00:00\" \/>\n<meta name=\"twitter:card\" content=\"summary_large_image\" \/>\n<meta name=\"twitter:label1\" content=\"Odhadovan\u00e1 doba \u010dten\u00ed\" \/>\n\t<meta name=\"twitter:data1\" content=\"4 minuty\" \/>\n<script type=\"application\/ld+json\" class=\"yoast-schema-graph\">{\"@context\":\"https:\/\/schema.org\",\"@graph\":[{\"@type\":\"WebPage\",\"@id\":\"https:\/\/myansa.cz\/cs\/politica-de-securitate\/\",\"url\":\"https:\/\/myansa.cz\/cs\/politica-de-securitate\/\",\"name\":\"politica de securitate - Zdrav\u00ed \u017eeny: Produkty a tipy pro p\u00e9\u010di o t\u011blo\",\"isPartOf\":{\"@id\":\"https:\/\/myansa.cz\/#website\"},\"datePublished\":\"2024-11-28T06:22:46+00:00\",\"dateModified\":\"2025-07-16T12:39:40+00:00\",\"breadcrumb\":{\"@id\":\"https:\/\/myansa.cz\/cs\/politica-de-securitate\/#breadcrumb\"},\"inLanguage\":\"cs\",\"potentialAction\":[{\"@type\":\"ReadAction\",\"target\":[\"https:\/\/myansa.cz\/cs\/politica-de-securitate\/\"]}]},{\"@type\":\"BreadcrumbList\",\"@id\":\"https:\/\/myansa.cz\/cs\/politica-de-securitate\/#breadcrumb\",\"itemListElement\":[{\"@type\":\"ListItem\",\"position\":1,\"name\":\"Home\",\"item\":\"https:\/\/myansa.cz\/\"},{\"@type\":\"ListItem\",\"position\":2,\"name\":\"politica de securitate\"}]},{\"@type\":\"WebSite\",\"@id\":\"https:\/\/myansa.cz\/#website\",\"url\":\"https:\/\/myansa.cz\/\",\"name\":\"Zdrav\u00ed \u017eeny: Produkty a tipy pro p\u00e9\u010di o t\u011blo\",\"description\":\"\",\"potentialAction\":[{\"@type\":\"SearchAction\",\"target\":{\"@type\":\"EntryPoint\",\"urlTemplate\":\"https:\/\/myansa.cz\/?s={search_term_string}\"},\"query-input\":{\"@type\":\"PropertyValueSpecification\",\"valueRequired\":true,\"valueName\":\"search_term_string\"}}],\"inLanguage\":\"cs\"}]}<\/script>\n<!-- \/ Yoast SEO plugin. -->","yoast_head_json":{"title":"politica de securitate - Zdrav\u00ed \u017eeny: Produkty a tipy pro p\u00e9\u010di o t\u011blo","robots":{"index":"index","follow":"follow","max-snippet":"max-snippet:-1","max-image-preview":"max-image-preview:large","max-video-preview":"max-video-preview:-1"},"canonical":"https:\/\/myansa.cz\/cs\/politica-de-securitate\/","og_locale":"cs_CZ","og_type":"article","og_title":"politica de securitate - Zdrav\u00ed \u017eeny: Produkty a tipy pro p\u00e9\u010di o t\u011blo","og_description":"Z\u00e1sady ochrany osobn\u00edch \u00fadaj\u016f [Informace o spole\u010dnosti, kter\u00e1 zpracov\u00e1v\u00e1 va\u0161e \u00fadaje:] V\u00ddROBCE A DISTRIBUTOR: &#8220;ANSA GLOBAL&#8221; s.r.o. (d\u00e1le jen \u201eSpr\u00e1vce\u201c, \u201eMy\u201c nebo \u201eSpole\u010dnost\u201c) vykon\u00e1v\u00e1 svou \u010dinnost v souladu se z\u00e1konem o ochran\u011b osobn\u00edch \u00fadaj\u016f a Na\u0159\u00edzen\u00edm (EU) 2016\/679 Evropsk\u00e9ho parlamentu a Rady ze dne 27. dubna 2016 o ochran\u011b fyzick\u00fdch osob v souvislosti se zpracov\u00e1n\u00edm [&hellip;]","og_url":"https:\/\/myansa.cz\/cs\/politica-de-securitate\/","og_site_name":"Zdrav\u00ed \u017eeny: Produkty a tipy pro p\u00e9\u010di o t\u011blo","article_modified_time":"2025-07-16T12:39:40+00:00","twitter_card":"summary_large_image","twitter_misc":{"Odhadovan\u00e1 doba \u010dten\u00ed":"4 minuty"},"schema":{"@context":"https:\/\/schema.org","@graph":[{"@type":"WebPage","@id":"https:\/\/myansa.cz\/cs\/politica-de-securitate\/","url":"https:\/\/myansa.cz\/cs\/politica-de-securitate\/","name":"politica de securitate - Zdrav\u00ed \u017eeny: Produkty a tipy pro p\u00e9\u010di o t\u011blo","isPartOf":{"@id":"https:\/\/myansa.cz\/#website"},"datePublished":"2024-11-28T06:22:46+00:00","dateModified":"2025-07-16T12:39:40+00:00","breadcrumb":{"@id":"https:\/\/myansa.cz\/cs\/politica-de-securitate\/#breadcrumb"},"inLanguage":"cs","potentialAction":[{"@type":"ReadAction","target":["https:\/\/myansa.cz\/cs\/politica-de-securitate\/"]}]},{"@type":"BreadcrumbList","@id":"https:\/\/myansa.cz\/cs\/politica-de-securitate\/#breadcrumb","itemListElement":[{"@type":"ListItem","position":1,"name":"Home","item":"https:\/\/myansa.cz\/"},{"@type":"ListItem","position":2,"name":"politica de securitate"}]},{"@type":"WebSite","@id":"https:\/\/myansa.cz\/#website","url":"https:\/\/myansa.cz\/","name":"Zdrav\u00ed \u017eeny: Produkty a tipy pro p\u00e9\u010di o t\u011blo","description":"","potentialAction":[{"@type":"SearchAction","target":{"@type":"EntryPoint","urlTemplate":"https:\/\/myansa.cz\/?s={search_term_string}"},"query-input":{"@type":"PropertyValueSpecification","valueRequired":true,"valueName":"search_term_string"}}],"inLanguage":"cs"}]}},"_links":{"self":[{"href":"https:\/\/myansa.cz\/cs\/wp-json\/wp\/v2\/pages\/621","targetHints":{"allow":["GET"]}}],"collection":[{"href":"https:\/\/myansa.cz\/cs\/wp-json\/wp\/v2\/pages"}],"about":[{"href":"https:\/\/myansa.cz\/cs\/wp-json\/wp\/v2\/types\/page"}],"author":[{"embeddable":true,"href":"https:\/\/myansa.cz\/cs\/wp-json\/wp\/v2\/users\/1"}],"replies":[{"embeddable":true,"href":"https:\/\/myansa.cz\/cs\/wp-json\/wp\/v2\/comments?post=621"}],"version-history":[{"count":12,"href":"https:\/\/myansa.cz\/cs\/wp-json\/wp\/v2\/pages\/621\/revisions"}],"predecessor-version":[{"id":6173,"href":"https:\/\/myansa.cz\/cs\/wp-json\/wp\/v2\/pages\/621\/revisions\/6173"}],"wp:attachment":[{"href":"https:\/\/myansa.cz\/cs\/wp-json\/wp\/v2\/media?parent=621"}],"curies":[{"name":"wp","href":"https:\/\/api.w.org\/{rel}","templated":true}]}}