{"id":192,"date":"2024-11-26T10:42:24","date_gmt":"2024-11-26T10:42:24","guid":{"rendered":"https:\/\/satlujwebsolution.com\/clients\/ansabg\/?post_type=product&#038;p=192"},"modified":"2025-07-22T07:51:15","modified_gmt":"2025-07-22T07:51:15","slug":"ansa-no-ache","status":"publish","type":"product","link":"https:\/\/myansa.cz\/cs\/produkt\/ansa-no-ache\/","title":{"rendered":"ansa\u2122 &#8211; No Ache"},"content":{"rendered":"<p class=\"\" data-start=\"173\" data-end=\"243\"><strong data-start=\"173\" data-end=\"243\">Pouze 2 kapsle denn\u011b a rozlou\u010d\u00ed\u0161 se s bolest\u00ed a ztuhlost\u00ed \ud83d\ude0d<\/strong><\/p>\n<p class=\"\" data-start=\"245\" data-end=\"278\">","protected":false},"excerpt":{"rendered":"<p>M\u00e1te bolesti nebo nepohodl\u00ed ve svalech a kloubech? Ansa NoAche poskytuje v\u011bdecky podlo\u017eenou podporu pro va\u0161e klouby a chrupavky d\u00edky siln\u00e9 kombinaci aktivn\u00edch l\u00e1tek, kter\u00e9 podporuj\u00ed zdrav\u00ed, pohyblivost a sni\u017euj\u00ed bolest.<\/p>\n<p>Obsahuje extrakt ze zelen\u00fdch mu\u0161l\u00ed, kyselinu hyaluronovou, glukosamin sulf\u00e1t a chondroitin sulf\u00e1t \u2013 ide\u00e1ln\u00ed produkt pro \u017eeny, kter\u00e9 trp\u00ed bolestmi nebo maj\u00ed pot\u00ed\u017ee s pohybem.<\/p>","protected":false},"featured_media":5676,"comment_status":"open","ping_status":"closed","template":"","meta":{"ocean_post_layout":"","ocean_both_sidebars_style":"","ocean_both_sidebars_content_width":0,"ocean_both_sidebars_sidebars_width":0,"ocean_sidebar":"0","ocean_second_sidebar":"0","ocean_disable_margins":"enable","ocean_add_body_class":"","ocean_shortcode_before_top_bar":"","ocean_shortcode_after_top_bar":"","ocean_shortcode_before_header":"","ocean_shortcode_after_header":"","ocean_has_shortcode":"","ocean_shortcode_after_title":"","ocean_shortcode_before_footer_widgets":"","ocean_shortcode_after_footer_widgets":"","ocean_shortcode_before_footer_bottom":"","ocean_shortcode_after_footer_bottom":"","ocean_display_top_bar":"default","ocean_display_header":"default","ocean_header_style":"","ocean_center_header_left_menu":"0","ocean_custom_header_template":"0","ocean_custom_logo":0,"ocean_custom_retina_logo":0,"ocean_custom_logo_max_width":0,"ocean_custom_logo_tablet_max_width":0,"ocean_custom_logo_mobile_max_width":0,"ocean_custom_logo_max_height":0,"ocean_custom_logo_tablet_max_height":0,"ocean_custom_logo_mobile_max_height":0,"ocean_header_custom_menu":"0","ocean_menu_typo_font_family":"0","ocean_menu_typo_font_subset":"","ocean_menu_typo_font_size":0,"ocean_menu_typo_font_size_tablet":0,"ocean_menu_typo_font_size_mobile":0,"ocean_menu_typo_font_size_unit":"px","ocean_menu_typo_font_weight":"","ocean_menu_typo_font_weight_tablet":"","ocean_menu_typo_font_weight_mobile":"","ocean_menu_typo_transform":"","ocean_menu_typo_transform_tablet":"","ocean_menu_typo_transform_mobile":"","ocean_menu_typo_line_height":0,"ocean_menu_typo_line_height_tablet":0,"ocean_menu_typo_line_height_mobile":0,"ocean_menu_typo_line_height_unit":"","ocean_menu_typo_spacing":0,"ocean_menu_typo_spacing_tablet":0,"ocean_menu_typo_spacing_mobile":0,"ocean_menu_typo_spacing_unit":"","ocean_menu_link_color":"","ocean_menu_link_color_hover":"","ocean_menu_link_color_active":"","ocean_menu_link_background":"","ocean_menu_link_hover_background":"","ocean_menu_link_active_background":"","ocean_menu_social_links_bg":"","ocean_menu_social_hover_links_bg":"","ocean_menu_social_links_color":"","ocean_menu_social_hover_links_color":"","ocean_disable_title":"default","ocean_disable_heading":"default","ocean_post_title":"","ocean_post_subheading":"","ocean_post_title_style":"","ocean_post_title_background_color":"","ocean_post_title_background":0,"ocean_post_title_bg_image_position":"","ocean_post_title_bg_image_attachment":"","ocean_post_title_bg_image_repeat":"","ocean_post_title_bg_image_size":"","ocean_post_title_height":0,"ocean_post_title_bg_overlay":0.5,"ocean_post_title_bg_overlay_color":"","ocean_disable_breadcrumbs":"default","ocean_breadcrumbs_color":"","ocean_breadcrumbs_separator_color":"","ocean_breadcrumbs_links_color":"","ocean_breadcrumbs_links_hover_color":"","ocean_display_footer_widgets":"default","ocean_display_footer_bottom":"default","ocean_custom_footer_template":"0"},"product_brand":[65],"product_cat":[17],"product_tag":[20],"class_list":{"0":"post-192","1":"product","2":"type-product","3":"status-publish","4":"has-post-thumbnail","6":"product_brand-this-subtitle-7","7":"product_cat-17","8":"product_tag-no-ache-live","10":"entry","11":"has-media","13":"first","14":"instock","15":"sale","16":"taxable","17":"shipping-taxable","18":"purchasable","19":"product-type-variable","20":"has-default-attributes","21":"has-product-nav","22":"col","23":"span_1_of_4","24":"owp-content-center","25":"owp-thumbs-layout-horizontal","26":"owp-btn-normal","27":"owp-tabs-layout-horizontal"},"yoast_head":"<!-- This site is optimized with the Yoast SEO plugin v25.3 - https:\/\/yoast.com\/wordpress\/plugins\/seo\/ -->\n<title>Supliment pentru Dureri Articulare \u0219i Mobilitate ansa\u2122 - No Ache<\/title>\n<meta name=\"description\" content=\"Glucozamin\u0103, Condroitin\u0103, Colagen, Midie Verde \u0219i Acid Hialuronic. Sus\u021bine s\u0103n\u0103tatea articula\u021biilor, reduce inflama\u021bia \u0219i \u00eembun\u0103t\u0103\u021be\u0219te mobilitatea.\" \/>\n<meta name=\"robots\" content=\"index, follow, max-snippet:-1, max-image-preview:large, max-video-preview:-1\" \/>\n<link rel=\"canonical\" href=\"https:\/\/myansa.cz\/cs\/produkt\/ansa-no-ache\/\" \/>\n<meta property=\"og:locale\" content=\"cs_CZ\" \/>\n<meta property=\"og:type\" content=\"article\" \/>\n<meta property=\"og:title\" content=\"Supliment pentru Dureri Articulare \u0219i Mobilitate ansa\u2122 - No Ache\" \/>\n<meta property=\"og:description\" content=\"Glucozamin\u0103, Condroitin\u0103, Colagen, Midie Verde \u0219i Acid Hialuronic. Sus\u021bine s\u0103n\u0103tatea articula\u021biilor, reduce inflama\u021bia \u0219i \u00eembun\u0103t\u0103\u021be\u0219te mobilitatea.\" \/>\n<meta property=\"og:url\" content=\"https:\/\/myansa.cz\/cs\/produkt\/ansa-no-ache\/\" \/>\n<meta property=\"og:site_name\" content=\"Zdrav\u00ed \u017eeny: Produkty a tipy pro p\u00e9\u010di o t\u011blo\" \/>\n<meta property=\"article:modified_time\" content=\"2025-07-22T07:51:15+00:00\" \/>\n<meta property=\"og:image\" content=\"https:\/\/myansa.cz\/wp-content\/uploads\/2024\/11\/Main-Image-Ansa-NoAche.webp\" \/>\n\t<meta property=\"og:image:width\" content=\"1200\" \/>\n\t<meta property=\"og:image:height\" content=\"1200\" \/>\n\t<meta property=\"og:image:type\" content=\"image\/webp\" \/>\n<meta name=\"twitter:card\" content=\"summary_large_image\" \/>\n<meta name=\"twitter:label1\" content=\"Odhadovan\u00e1 doba \u010dten\u00ed\" \/>\n\t<meta name=\"twitter:data1\" content=\"1 minuta\" \/>\n<script type=\"application\/ld+json\" class=\"yoast-schema-graph\">{\"@context\":\"https:\/\/schema.org\",\"@graph\":[{\"@type\":\"WebPage\",\"@id\":\"https:\/\/myansa.cz\/cs\/produkt\/ansa-no-ache\/\",\"url\":\"https:\/\/myansa.cz\/cs\/produkt\/ansa-no-ache\/\",\"name\":\"Supliment pentru Dureri Articulare \u0219i Mobilitate ansa\u2122 - No Ache\",\"isPartOf\":{\"@id\":\"https:\/\/myansa.cz\/#website\"},\"primaryImageOfPage\":{\"@id\":\"https:\/\/myansa.cz\/cs\/produkt\/ansa-no-ache\/#primaryimage\"},\"image\":{\"@id\":\"https:\/\/myansa.cz\/cs\/produkt\/ansa-no-ache\/#primaryimage\"},\"thumbnailUrl\":\"https:\/\/myansa.cz\/wp-content\/uploads\/2024\/11\/Main-Image-Ansa-NoAche.webp\",\"datePublished\":\"2024-11-26T10:42:24+00:00\",\"dateModified\":\"2025-07-22T07:51:15+00:00\",\"description\":\"Glucozamin\u0103, Condroitin\u0103, Colagen, Midie Verde \u0219i Acid Hialuronic. Sus\u021bine s\u0103n\u0103tatea articula\u021biilor, reduce inflama\u021bia \u0219i \u00eembun\u0103t\u0103\u021be\u0219te mobilitatea.\",\"breadcrumb\":{\"@id\":\"https:\/\/myansa.cz\/cs\/produkt\/ansa-no-ache\/#breadcrumb\"},\"inLanguage\":\"cs\",\"potentialAction\":[{\"@type\":\"ReadAction\",\"target\":[\"https:\/\/myansa.cz\/cs\/produkt\/ansa-no-ache\/\"]}]},{\"@type\":\"ImageObject\",\"inLanguage\":\"cs\",\"@id\":\"https:\/\/myansa.cz\/cs\/produkt\/ansa-no-ache\/#primaryimage\",\"url\":\"https:\/\/myansa.cz\/wp-content\/uploads\/2024\/11\/Main-Image-Ansa-NoAche.webp\",\"contentUrl\":\"https:\/\/myansa.cz\/wp-content\/uploads\/2024\/11\/Main-Image-Ansa-NoAche.webp\",\"width\":1200,\"height\":1200},{\"@type\":\"BreadcrumbList\",\"@id\":\"https:\/\/myansa.cz\/cs\/produkt\/ansa-no-ache\/#breadcrumb\",\"itemListElement\":[{\"@type\":\"ListItem\",\"position\":1,\"name\":\"Home\",\"item\":\"https:\/\/myansa.cz\/\"},{\"@type\":\"ListItem\",\"position\":2,\"name\":\"Shop\",\"item\":\"https:\/\/myansa.cz\/shop\/\"},{\"@type\":\"ListItem\",\"position\":3,\"name\":\"ansa\u2122 &#8211; No Ache\"}]},{\"@type\":\"WebSite\",\"@id\":\"https:\/\/myansa.cz\/#website\",\"url\":\"https:\/\/myansa.cz\/\",\"name\":\"Zdrav\u00ed \u017eeny: Produkty a tipy pro p\u00e9\u010di o t\u011blo\",\"description\":\"\",\"potentialAction\":[{\"@type\":\"SearchAction\",\"target\":{\"@type\":\"EntryPoint\",\"urlTemplate\":\"https:\/\/myansa.cz\/?s={search_term_string}\"},\"query-input\":{\"@type\":\"PropertyValueSpecification\",\"valueRequired\":true,\"valueName\":\"search_term_string\"}}],\"inLanguage\":\"cs\"}]}<\/script>\n<!-- \/ Yoast SEO plugin. -->","yoast_head_json":{"title":"Supliment pentru Dureri Articulare \u0219i Mobilitate ansa\u2122 - No Ache","description":"Glucozamin\u0103, Condroitin\u0103, Colagen, Midie Verde \u0219i Acid Hialuronic. Sus\u021bine s\u0103n\u0103tatea articula\u021biilor, reduce inflama\u021bia \u0219i \u00eembun\u0103t\u0103\u021be\u0219te mobilitatea.","robots":{"index":"index","follow":"follow","max-snippet":"max-snippet:-1","max-image-preview":"max-image-preview:large","max-video-preview":"max-video-preview:-1"},"canonical":"https:\/\/myansa.cz\/cs\/produkt\/ansa-no-ache\/","og_locale":"cs_CZ","og_type":"article","og_title":"Supliment pentru Dureri Articulare \u0219i Mobilitate ansa\u2122 - No Ache","og_description":"Glucozamin\u0103, Condroitin\u0103, Colagen, Midie Verde \u0219i Acid Hialuronic. Sus\u021bine s\u0103n\u0103tatea articula\u021biilor, reduce inflama\u021bia \u0219i \u00eembun\u0103t\u0103\u021be\u0219te mobilitatea.","og_url":"https:\/\/myansa.cz\/cs\/produkt\/ansa-no-ache\/","og_site_name":"Zdrav\u00ed \u017eeny: Produkty a tipy pro p\u00e9\u010di o t\u011blo","article_modified_time":"2025-07-22T07:51:15+00:00","og_image":[{"width":1200,"height":1200,"url":"https:\/\/myansa.cz\/wp-content\/uploads\/2024\/11\/Main-Image-Ansa-NoAche.webp","type":"image\/webp"}],"twitter_card":"summary_large_image","twitter_misc":{"Odhadovan\u00e1 doba \u010dten\u00ed":"1 minuta"},"schema":{"@context":"https:\/\/schema.org","@graph":[{"@type":"WebPage","@id":"https:\/\/myansa.cz\/cs\/produkt\/ansa-no-ache\/","url":"https:\/\/myansa.cz\/cs\/produkt\/ansa-no-ache\/","name":"Supliment pentru Dureri Articulare \u0219i Mobilitate ansa\u2122 - No Ache","isPartOf":{"@id":"https:\/\/myansa.cz\/#website"},"primaryImageOfPage":{"@id":"https:\/\/myansa.cz\/cs\/produkt\/ansa-no-ache\/#primaryimage"},"image":{"@id":"https:\/\/myansa.cz\/cs\/produkt\/ansa-no-ache\/#primaryimage"},"thumbnailUrl":"https:\/\/myansa.cz\/wp-content\/uploads\/2024\/11\/Main-Image-Ansa-NoAche.webp","datePublished":"2024-11-26T10:42:24+00:00","dateModified":"2025-07-22T07:51:15+00:00","description":"Glucozamin\u0103, Condroitin\u0103, Colagen, Midie Verde \u0219i Acid Hialuronic. Sus\u021bine s\u0103n\u0103tatea articula\u021biilor, reduce inflama\u021bia \u0219i \u00eembun\u0103t\u0103\u021be\u0219te mobilitatea.","breadcrumb":{"@id":"https:\/\/myansa.cz\/cs\/produkt\/ansa-no-ache\/#breadcrumb"},"inLanguage":"cs","potentialAction":[{"@type":"ReadAction","target":["https:\/\/myansa.cz\/cs\/produkt\/ansa-no-ache\/"]}]},{"@type":"ImageObject","inLanguage":"cs","@id":"https:\/\/myansa.cz\/cs\/produkt\/ansa-no-ache\/#primaryimage","url":"https:\/\/myansa.cz\/wp-content\/uploads\/2024\/11\/Main-Image-Ansa-NoAche.webp","contentUrl":"https:\/\/myansa.cz\/wp-content\/uploads\/2024\/11\/Main-Image-Ansa-NoAche.webp","width":1200,"height":1200},{"@type":"BreadcrumbList","@id":"https:\/\/myansa.cz\/cs\/produkt\/ansa-no-ache\/#breadcrumb","itemListElement":[{"@type":"ListItem","position":1,"name":"Home","item":"https:\/\/myansa.cz\/"},{"@type":"ListItem","position":2,"name":"Shop","item":"https:\/\/myansa.cz\/shop\/"},{"@type":"ListItem","position":3,"name":"ansa\u2122 &#8211; No Ache"}]},{"@type":"WebSite","@id":"https:\/\/myansa.cz\/#website","url":"https:\/\/myansa.cz\/","name":"Zdrav\u00ed \u017eeny: Produkty a tipy pro p\u00e9\u010di o t\u011blo","description":"","potentialAction":[{"@type":"SearchAction","target":{"@type":"EntryPoint","urlTemplate":"https:\/\/myansa.cz\/?s={search_term_string}"},"query-input":{"@type":"PropertyValueSpecification","valueRequired":true,"valueName":"search_term_string"}}],"inLanguage":"cs"}]}},"_links":{"self":[{"href":"https:\/\/myansa.cz\/cs\/wp-json\/wp\/v2\/product\/192","targetHints":{"allow":["GET"]}}],"collection":[{"href":"https:\/\/myansa.cz\/cs\/wp-json\/wp\/v2\/product"}],"about":[{"href":"https:\/\/myansa.cz\/cs\/wp-json\/wp\/v2\/types\/product"}],"replies":[{"embeddable":true,"href":"https:\/\/myansa.cz\/cs\/wp-json\/wp\/v2\/comments?post=192"}],"wp:featuredmedia":[{"embeddable":true,"href":"https:\/\/myansa.cz\/cs\/wp-json\/wp\/v2\/media\/5676"}],"wp:attachment":[{"href":"https:\/\/myansa.cz\/cs\/wp-json\/wp\/v2\/media?parent=192"}],"wp:term":[{"taxonomy":"product_brand","embeddable":true,"href":"https:\/\/myansa.cz\/cs\/wp-json\/wp\/v2\/product_brand?post=192"},{"taxonomy":"product_cat","embeddable":true,"href":"https:\/\/myansa.cz\/cs\/wp-json\/wp\/v2\/product_cat?post=192"},{"taxonomy":"product_tag","embeddable":true,"href":"https:\/\/myansa.cz\/cs\/wp-json\/wp\/v2\/product_tag?post=192"}],"curies":[{"name":"wp","href":"https:\/\/api.w.org\/{rel}","templated":true}]}}