{"id":200,"date":"2024-11-26T10:42:25","date_gmt":"2024-11-26T10:42:25","guid":{"rendered":"https:\/\/satlujwebsolution.com\/clients\/ansabg\/?post_type=product&#038;p=200"},"modified":"2026-03-23T12:41:58","modified_gmt":"2026-03-23T12:41:58","slug":"ansa-red-routine","status":"publish","type":"product","link":"https:\/\/myansa.cz\/cs\/produkt\/ansa-red-routine\/","title":{"rendered":"ansa\u2122 \u2013 \u010cerven\u00e1 rutina"},"content":{"rendered":"","protected":false},"excerpt":{"rendered":"<p><strong>Dop\u0159ej si pauzu.<\/strong> Je to nejchutn\u011bj\u0161\u00ed zp\u016fsob, jak pomoci t\u011blu uvolnit se po n\u00e1ro\u010dn\u00e9m dni a dokonal\u00e9 zakon\u010den\u00ed tv\u00e9 ve\u010dern\u00ed rutiny s Ansa Greens! Kr\u00e1sn\u00e1. Uvoln\u011bn\u00e1. Odpo\u010dat\u00e1.<\/p>","protected":false},"featured_media":5954,"comment_status":"open","ping_status":"closed","template":"","meta":{"ocean_post_layout":"","ocean_both_sidebars_style":"","ocean_both_sidebars_content_width":0,"ocean_both_sidebars_sidebars_width":0,"ocean_sidebar":"0","ocean_second_sidebar":"0","ocean_disable_margins":"enable","ocean_add_body_class":"","ocean_shortcode_before_top_bar":"","ocean_shortcode_after_top_bar":"","ocean_shortcode_before_header":"","ocean_shortcode_after_header":"","ocean_has_shortcode":"","ocean_shortcode_after_title":"","ocean_shortcode_before_footer_widgets":"","ocean_shortcode_after_footer_widgets":"","ocean_shortcode_before_footer_bottom":"","ocean_shortcode_after_footer_bottom":"","ocean_display_top_bar":"default","ocean_display_header":"default","ocean_header_style":"custom","ocean_center_header_left_menu":"0","ocean_custom_header_template":"0","ocean_custom_logo":0,"ocean_custom_retina_logo":0,"ocean_custom_logo_max_width":0,"ocean_custom_logo_tablet_max_width":0,"ocean_custom_logo_mobile_max_width":0,"ocean_custom_logo_max_height":0,"ocean_custom_logo_tablet_max_height":0,"ocean_custom_logo_mobile_max_height":0,"ocean_header_custom_menu":"0","ocean_menu_typo_font_family":"Zilla Slab Highlight","ocean_menu_typo_font_subset":"","ocean_menu_typo_font_size":0,"ocean_menu_typo_font_size_tablet":0,"ocean_menu_typo_font_size_mobile":0,"ocean_menu_typo_font_size_unit":"px","ocean_menu_typo_font_weight":"","ocean_menu_typo_font_weight_tablet":"","ocean_menu_typo_font_weight_mobile":"","ocean_menu_typo_transform":"uppercase","ocean_menu_typo_transform_tablet":"","ocean_menu_typo_transform_mobile":"","ocean_menu_typo_line_height":0,"ocean_menu_typo_line_height_tablet":0,"ocean_menu_typo_line_height_mobile":0,"ocean_menu_typo_line_height_unit":"","ocean_menu_typo_spacing":0,"ocean_menu_typo_spacing_tablet":0,"ocean_menu_typo_spacing_mobile":0,"ocean_menu_typo_spacing_unit":"","ocean_menu_link_color":"","ocean_menu_link_color_hover":"","ocean_menu_link_color_active":"","ocean_menu_link_background":"","ocean_menu_link_hover_background":"","ocean_menu_link_active_background":"","ocean_menu_social_links_bg":"","ocean_menu_social_hover_links_bg":"","ocean_menu_social_links_color":"","ocean_menu_social_hover_links_color":"","ocean_disable_title":"default","ocean_disable_heading":"default","ocean_post_title":"","ocean_post_subheading":"","ocean_post_title_style":"solid-color","ocean_post_title_background_color":"","ocean_post_title_background":0,"ocean_post_title_bg_image_position":"bottom right","ocean_post_title_bg_image_attachment":"fixed","ocean_post_title_bg_image_repeat":"repeat-y","ocean_post_title_bg_image_size":"contain","ocean_post_title_height":0,"ocean_post_title_bg_overlay":0.5,"ocean_post_title_bg_overlay_color":"","ocean_disable_breadcrumbs":"default","ocean_breadcrumbs_color":"","ocean_breadcrumbs_separator_color":"","ocean_breadcrumbs_links_color":"","ocean_breadcrumbs_links_hover_color":"","ocean_display_footer_widgets":"default","ocean_display_footer_bottom":"default","ocean_custom_footer_template":"0"},"product_brand":[60],"product_cat":[36,37,22],"product_tag":[23],"class_list":{"0":"post-200","1":"product","2":"type-product","3":"status-publish","4":"has-post-thumbnail","6":"product_brand-this-subtitle-2","7":"product_cat-verzi-si-superalimente","8":"product_cat-wellness","9":"product_cat-22","10":"product_tag-red-routine-live","12":"entry","13":"has-media","15":"first","16":"instock","17":"sale","18":"taxable","19":"shipping-taxable","20":"purchasable","21":"product-type-variable","22":"has-default-attributes","23":"has-product-nav","24":"col","25":"span_1_of_4","26":"owp-content-center","27":"owp-thumbs-layout-horizontal","28":"owp-btn-normal","29":"owp-tabs-layout-horizontal"},"yoast_head":"<!-- This site is optimized with the Yoast SEO plugin v25.3 - https:\/\/yoast.com\/wordpress\/plugins\/seo\/ -->\n<title>Tr\u00e1p\u00ed t\u011b nad\u00fdm\u00e1n\u00ed po ve\u010de\u0159i?<\/title>\n<meta name=\"description\" content=\"Ovocn\u00e1 sm\u011bs, kter\u00e1 t\u011b p\u0159iprav\u00ed na klidn\u00fd sp\u00e1nek. \u2764\ufe0f \u017div\u011bj\u0161\u00ed sny, lehk\u00fd \u017ealudek a rann\u00ed energie. Spi dob\u0159e. Na tom z\u00e1le\u017e\u00ed.\" \/>\n<meta name=\"robots\" content=\"index, follow, max-snippet:-1, max-image-preview:large, max-video-preview:-1\" \/>\n<link rel=\"canonical\" href=\"https:\/\/myansa.cz\/cs\/produkt\/ansa-red-routine\/\" \/>\n<meta property=\"og:locale\" content=\"cs_CZ\" \/>\n<meta property=\"og:type\" content=\"article\" \/>\n<meta property=\"og:title\" content=\"Tr\u00e1p\u00ed t\u011b nad\u00fdm\u00e1n\u00ed po ve\u010de\u0159i?\" \/>\n<meta property=\"og:description\" content=\"Ovocn\u00e1 sm\u011bs, kter\u00e1 t\u011b p\u0159iprav\u00ed na klidn\u00fd sp\u00e1nek. \u2764\ufe0f \u017div\u011bj\u0161\u00ed sny, lehk\u00fd \u017ealudek a rann\u00ed energie. Spi dob\u0159e. Na tom z\u00e1le\u017e\u00ed.\" \/>\n<meta property=\"og:url\" content=\"https:\/\/myansa.cz\/cs\/produkt\/ansa-red-routine\/\" \/>\n<meta property=\"og:site_name\" content=\"Zdrav\u00ed \u017eeny: Produkty a tipy pro p\u00e9\u010di o t\u011blo\" \/>\n<meta property=\"article:modified_time\" content=\"2026-03-23T12:41:58+00:00\" \/>\n<meta property=\"og:image\" content=\"https:\/\/myansa.cz\/wp-content\/uploads\/2024\/11\/Main-Reds-Image.webp\" \/>\n\t<meta property=\"og:image:width\" content=\"1080\" \/>\n\t<meta property=\"og:image:height\" content=\"1080\" \/>\n\t<meta property=\"og:image:type\" content=\"image\/webp\" \/>\n<meta name=\"twitter:card\" content=\"summary_large_image\" \/>\n<meta name=\"twitter:label1\" content=\"Odhadovan\u00e1 doba \u010dten\u00ed\" \/>\n\t<meta name=\"twitter:data1\" content=\"1 minuta\" \/>\n<script type=\"application\/ld+json\" class=\"yoast-schema-graph\">{\"@context\":\"https:\/\/schema.org\",\"@graph\":[{\"@type\":\"WebPage\",\"@id\":\"https:\/\/myansa.cz\/cs\/produkt\/ansa-red-routine\/\",\"url\":\"https:\/\/myansa.cz\/cs\/produkt\/ansa-red-routine\/\",\"name\":\"Tr\u00e1p\u00ed t\u011b nad\u00fdm\u00e1n\u00ed po ve\u010de\u0159i?\",\"isPartOf\":{\"@id\":\"https:\/\/myansa.cz\/#website\"},\"primaryImageOfPage\":{\"@id\":\"https:\/\/myansa.cz\/cs\/produkt\/ansa-red-routine\/#primaryimage\"},\"image\":{\"@id\":\"https:\/\/myansa.cz\/cs\/produkt\/ansa-red-routine\/#primaryimage\"},\"thumbnailUrl\":\"https:\/\/myansa.cz\/wp-content\/uploads\/2024\/11\/Main-Reds-Image.webp\",\"datePublished\":\"2024-11-26T10:42:25+00:00\",\"dateModified\":\"2026-03-23T12:41:58+00:00\",\"description\":\"Ovocn\u00e1 sm\u011bs, kter\u00e1 t\u011b p\u0159iprav\u00ed na klidn\u00fd sp\u00e1nek. \u2764\ufe0f \u017div\u011bj\u0161\u00ed sny, lehk\u00fd \u017ealudek a rann\u00ed energie. Spi dob\u0159e. Na tom z\u00e1le\u017e\u00ed.\",\"breadcrumb\":{\"@id\":\"https:\/\/myansa.cz\/cs\/produkt\/ansa-red-routine\/#breadcrumb\"},\"inLanguage\":\"cs\",\"potentialAction\":[{\"@type\":\"ReadAction\",\"target\":[\"https:\/\/myansa.cz\/cs\/produkt\/ansa-red-routine\/\"]}]},{\"@type\":\"ImageObject\",\"inLanguage\":\"cs\",\"@id\":\"https:\/\/myansa.cz\/cs\/produkt\/ansa-red-routine\/#primaryimage\",\"url\":\"https:\/\/myansa.cz\/wp-content\/uploads\/2024\/11\/Main-Reds-Image.webp\",\"contentUrl\":\"https:\/\/myansa.cz\/wp-content\/uploads\/2024\/11\/Main-Reds-Image.webp\",\"width\":1080,\"height\":1080},{\"@type\":\"BreadcrumbList\",\"@id\":\"https:\/\/myansa.cz\/cs\/produkt\/ansa-red-routine\/#breadcrumb\",\"itemListElement\":[{\"@type\":\"ListItem\",\"position\":1,\"name\":\"Home\",\"item\":\"https:\/\/myansa.cz\/\"},{\"@type\":\"ListItem\",\"position\":2,\"name\":\"Shop\",\"item\":\"https:\/\/myansa.cz\/shop\/\"},{\"@type\":\"ListItem\",\"position\":3,\"name\":\"ansa\u2122 \u2013 \u010cerven\u00e1 rutina\"}]},{\"@type\":\"WebSite\",\"@id\":\"https:\/\/myansa.cz\/#website\",\"url\":\"https:\/\/myansa.cz\/\",\"name\":\"Zdrav\u00ed \u017eeny: Produkty a tipy pro p\u00e9\u010di o t\u011blo\",\"description\":\"\",\"potentialAction\":[{\"@type\":\"SearchAction\",\"target\":{\"@type\":\"EntryPoint\",\"urlTemplate\":\"https:\/\/myansa.cz\/?s={search_term_string}\"},\"query-input\":{\"@type\":\"PropertyValueSpecification\",\"valueRequired\":true,\"valueName\":\"search_term_string\"}}],\"inLanguage\":\"cs\"}]}<\/script>\n<!-- \/ Yoast SEO plugin. -->","yoast_head_json":{"title":"Tr\u00e1p\u00ed t\u011b nad\u00fdm\u00e1n\u00ed po ve\u010de\u0159i?","description":"Ovocn\u00e1 sm\u011bs, kter\u00e1 t\u011b p\u0159iprav\u00ed na klidn\u00fd sp\u00e1nek. \u2764\ufe0f \u017div\u011bj\u0161\u00ed sny, lehk\u00fd \u017ealudek a rann\u00ed energie. Spi dob\u0159e. Na tom z\u00e1le\u017e\u00ed.","robots":{"index":"index","follow":"follow","max-snippet":"max-snippet:-1","max-image-preview":"max-image-preview:large","max-video-preview":"max-video-preview:-1"},"canonical":"https:\/\/myansa.cz\/cs\/produkt\/ansa-red-routine\/","og_locale":"cs_CZ","og_type":"article","og_title":"Tr\u00e1p\u00ed t\u011b nad\u00fdm\u00e1n\u00ed po ve\u010de\u0159i?","og_description":"Ovocn\u00e1 sm\u011bs, kter\u00e1 t\u011b p\u0159iprav\u00ed na klidn\u00fd sp\u00e1nek. \u2764\ufe0f \u017div\u011bj\u0161\u00ed sny, lehk\u00fd \u017ealudek a rann\u00ed energie. Spi dob\u0159e. Na tom z\u00e1le\u017e\u00ed.","og_url":"https:\/\/myansa.cz\/cs\/produkt\/ansa-red-routine\/","og_site_name":"Zdrav\u00ed \u017eeny: Produkty a tipy pro p\u00e9\u010di o t\u011blo","article_modified_time":"2026-03-23T12:41:58+00:00","og_image":[{"width":1080,"height":1080,"url":"https:\/\/myansa.cz\/wp-content\/uploads\/2024\/11\/Main-Reds-Image.webp","type":"image\/webp"}],"twitter_card":"summary_large_image","twitter_misc":{"Odhadovan\u00e1 doba \u010dten\u00ed":"1 minuta"},"schema":{"@context":"https:\/\/schema.org","@graph":[{"@type":"WebPage","@id":"https:\/\/myansa.cz\/cs\/produkt\/ansa-red-routine\/","url":"https:\/\/myansa.cz\/cs\/produkt\/ansa-red-routine\/","name":"Tr\u00e1p\u00ed t\u011b nad\u00fdm\u00e1n\u00ed po ve\u010de\u0159i?","isPartOf":{"@id":"https:\/\/myansa.cz\/#website"},"primaryImageOfPage":{"@id":"https:\/\/myansa.cz\/cs\/produkt\/ansa-red-routine\/#primaryimage"},"image":{"@id":"https:\/\/myansa.cz\/cs\/produkt\/ansa-red-routine\/#primaryimage"},"thumbnailUrl":"https:\/\/myansa.cz\/wp-content\/uploads\/2024\/11\/Main-Reds-Image.webp","datePublished":"2024-11-26T10:42:25+00:00","dateModified":"2026-03-23T12:41:58+00:00","description":"Ovocn\u00e1 sm\u011bs, kter\u00e1 t\u011b p\u0159iprav\u00ed na klidn\u00fd sp\u00e1nek. \u2764\ufe0f \u017div\u011bj\u0161\u00ed sny, lehk\u00fd \u017ealudek a rann\u00ed energie. Spi dob\u0159e. Na tom z\u00e1le\u017e\u00ed.","breadcrumb":{"@id":"https:\/\/myansa.cz\/cs\/produkt\/ansa-red-routine\/#breadcrumb"},"inLanguage":"cs","potentialAction":[{"@type":"ReadAction","target":["https:\/\/myansa.cz\/cs\/produkt\/ansa-red-routine\/"]}]},{"@type":"ImageObject","inLanguage":"cs","@id":"https:\/\/myansa.cz\/cs\/produkt\/ansa-red-routine\/#primaryimage","url":"https:\/\/myansa.cz\/wp-content\/uploads\/2024\/11\/Main-Reds-Image.webp","contentUrl":"https:\/\/myansa.cz\/wp-content\/uploads\/2024\/11\/Main-Reds-Image.webp","width":1080,"height":1080},{"@type":"BreadcrumbList","@id":"https:\/\/myansa.cz\/cs\/produkt\/ansa-red-routine\/#breadcrumb","itemListElement":[{"@type":"ListItem","position":1,"name":"Home","item":"https:\/\/myansa.cz\/"},{"@type":"ListItem","position":2,"name":"Shop","item":"https:\/\/myansa.cz\/shop\/"},{"@type":"ListItem","position":3,"name":"ansa\u2122 \u2013 \u010cerven\u00e1 rutina"}]},{"@type":"WebSite","@id":"https:\/\/myansa.cz\/#website","url":"https:\/\/myansa.cz\/","name":"Zdrav\u00ed \u017eeny: Produkty a tipy pro p\u00e9\u010di o t\u011blo","description":"","potentialAction":[{"@type":"SearchAction","target":{"@type":"EntryPoint","urlTemplate":"https:\/\/myansa.cz\/?s={search_term_string}"},"query-input":{"@type":"PropertyValueSpecification","valueRequired":true,"valueName":"search_term_string"}}],"inLanguage":"cs"}]}},"_links":{"self":[{"href":"https:\/\/myansa.cz\/cs\/wp-json\/wp\/v2\/product\/200","targetHints":{"allow":["GET"]}}],"collection":[{"href":"https:\/\/myansa.cz\/cs\/wp-json\/wp\/v2\/product"}],"about":[{"href":"https:\/\/myansa.cz\/cs\/wp-json\/wp\/v2\/types\/product"}],"replies":[{"embeddable":true,"href":"https:\/\/myansa.cz\/cs\/wp-json\/wp\/v2\/comments?post=200"}],"wp:featuredmedia":[{"embeddable":true,"href":"https:\/\/myansa.cz\/cs\/wp-json\/wp\/v2\/media\/5954"}],"wp:attachment":[{"href":"https:\/\/myansa.cz\/cs\/wp-json\/wp\/v2\/media?parent=200"}],"wp:term":[{"taxonomy":"product_brand","embeddable":true,"href":"https:\/\/myansa.cz\/cs\/wp-json\/wp\/v2\/product_brand?post=200"},{"taxonomy":"product_cat","embeddable":true,"href":"https:\/\/myansa.cz\/cs\/wp-json\/wp\/v2\/product_cat?post=200"},{"taxonomy":"product_tag","embeddable":true,"href":"https:\/\/myansa.cz\/cs\/wp-json\/wp\/v2\/product_tag?post=200"}],"curies":[{"name":"wp","href":"https:\/\/api.w.org\/{rel}","templated":true}]}}