{"id":201,"date":"2024-11-26T10:42:25","date_gmt":"2024-11-26T10:42:25","guid":{"rendered":"https:\/\/satlujwebsolution.com\/clients\/ansabg\/?post_type=product&#038;p=201"},"modified":"2026-03-23T12:42:00","modified_gmt":"2026-03-23T12:42:00","slug":"ansa-daily-greens","status":"publish","type":"product","link":"https:\/\/myansa.cz\/cs\/produkt\/ansa-daily-greens\/","title":{"rendered":"ansa\u2122 Daily Greens \u2013 #1 sm\u011bs zelen\u00fdch superpotravin pro zdrav\u00e9 tr\u00e1ven\u00ed."},"content":{"rendered":"<p data-start=\"154\" data-end=\"445\"><strong data-start=\"183\" data-end=\"209\">Tr\u00e1p\u00ed v\u00e1s nad\u00fdm\u00e1n\u00ed? \ud83c\udf38<\/strong>Vra\u0165te sv\u00e9mu tr\u00e1ven\u00ed lehkost a rovnov\u00e1hu. V\u0161e, co pot\u0159ebujete, najdete v jednom s\u00e1\u010dku \u2013 sm\u011bs ovoce, zeleniny, enzym\u016f a probiotik. A\u017e <strong data-start=\"349\" data-end=\"378\" data-is-only-node=\"\">59 p\u0159\u00edrodn\u00edch ingredienc\u00ed<\/strong>, kter\u00e9 pe\u010duj\u00ed o v\u00e1\u0161 mikrobiom, sni\u017euj\u00ed nad\u00fdm\u00e1n\u00ed a dod\u00e1vaj\u00ed t\u011blu novou energii. \ud83d\udc9a Sta\u010d\u00ed <strong data-start=\"470\" data-end=\"487\">1 s\u00e1\u010dek denn\u011b<\/strong>. \ud83d\udce6 <strong data-start=\"494\" data-end=\"518\">1 balen\u00ed = 20 s\u00e1\u010dk\u016f. <\/strong>\ud83c\udf4f P\u0159\u00edchu\u0165: jemn\u011b sladk\u00e1, p\u0159\u00edrodn\u00ed \u2013 jablko a vo\u0148av\u00e9 bylinky.<\/p>","protected":false},"excerpt":{"rendered":"<p data-start=\"154\" data-end=\"445\"><strong data-start=\"183\" data-end=\"209\">Tr\u00e1p\u00ed v\u00e1s nad\u00fdm\u00e1n\u00ed? \ud83c\udf38<\/strong>Vra\u0165te sv\u00e9mu tr\u00e1ven\u00ed lehkost a rovnov\u00e1hu. V\u0161e, co pot\u0159ebujete, najdete v jednom s\u00e1\u010dku \u2013 sm\u011bs ovoce, zeleniny, enzym\u016f a probiotik. A\u017e <strong data-start=\"349\" data-end=\"378\" data-is-only-node=\"\">59 p\u0159\u00edrodn\u00edch ingredienc\u00ed<\/strong>, kter\u00e9 pe\u010duj\u00ed o v\u00e1\u0161 mikrobiom, sni\u017euj\u00ed nad\u00fdm\u00e1n\u00ed a dod\u00e1vaj\u00ed t\u011blu novou energii. \ud83d\udc9a Sta\u010d\u00ed <strong data-start=\"470\" data-end=\"487\">1 s\u00e1\u010dek denn\u011b<\/strong>. \ud83d\udce6 <strong data-start=\"494\" data-end=\"518\">1 balen\u00ed = 20 s\u00e1\u010dk\u016f. <\/strong>\ud83c\udf4f P\u0159\u00edchu\u0165: jemn\u011b sladk\u00e1, p\u0159\u00edrodn\u00ed \u2013 jablko a vo\u0148av\u00e9 bylinky.<\/p>","protected":false},"featured_media":6420,"comment_status":"open","ping_status":"closed","template":"","meta":{"ocean_post_layout":"","ocean_both_sidebars_style":"","ocean_both_sidebars_content_width":0,"ocean_both_sidebars_sidebars_width":0,"ocean_sidebar":"0","ocean_second_sidebar":"0","ocean_disable_margins":"enable","ocean_add_body_class":"","ocean_shortcode_before_top_bar":"","ocean_shortcode_after_top_bar":"","ocean_shortcode_before_header":"","ocean_shortcode_after_header":"","ocean_has_shortcode":"","ocean_shortcode_after_title":"","ocean_shortcode_before_footer_widgets":"","ocean_shortcode_after_footer_widgets":"","ocean_shortcode_before_footer_bottom":"","ocean_shortcode_after_footer_bottom":"","ocean_display_top_bar":"default","ocean_display_header":"default","ocean_header_style":"","ocean_center_header_left_menu":"0","ocean_custom_header_template":"0","ocean_custom_logo":0,"ocean_custom_retina_logo":0,"ocean_custom_logo_max_width":0,"ocean_custom_logo_tablet_max_width":0,"ocean_custom_logo_mobile_max_width":0,"ocean_custom_logo_max_height":0,"ocean_custom_logo_tablet_max_height":0,"ocean_custom_logo_mobile_max_height":0,"ocean_header_custom_menu":"0","ocean_menu_typo_font_family":"0","ocean_menu_typo_font_subset":"","ocean_menu_typo_font_size":0,"ocean_menu_typo_font_size_tablet":0,"ocean_menu_typo_font_size_mobile":0,"ocean_menu_typo_font_size_unit":"px","ocean_menu_typo_font_weight":"","ocean_menu_typo_font_weight_tablet":"","ocean_menu_typo_font_weight_mobile":"","ocean_menu_typo_transform":"","ocean_menu_typo_transform_tablet":"","ocean_menu_typo_transform_mobile":"","ocean_menu_typo_line_height":0,"ocean_menu_typo_line_height_tablet":0,"ocean_menu_typo_line_height_mobile":0,"ocean_menu_typo_line_height_unit":"","ocean_menu_typo_spacing":0,"ocean_menu_typo_spacing_tablet":0,"ocean_menu_typo_spacing_mobile":0,"ocean_menu_typo_spacing_unit":"","ocean_menu_link_color":"","ocean_menu_link_color_hover":"","ocean_menu_link_color_active":"","ocean_menu_link_background":"","ocean_menu_link_hover_background":"","ocean_menu_link_active_background":"","ocean_menu_social_links_bg":"","ocean_menu_social_hover_links_bg":"","ocean_menu_social_links_color":"","ocean_menu_social_hover_links_color":"","ocean_disable_title":"default","ocean_disable_heading":"default","ocean_post_title":"","ocean_post_subheading":"","ocean_post_title_style":"","ocean_post_title_background_color":"","ocean_post_title_background":0,"ocean_post_title_bg_image_position":"","ocean_post_title_bg_image_attachment":"","ocean_post_title_bg_image_repeat":"","ocean_post_title_bg_image_size":"","ocean_post_title_height":0,"ocean_post_title_bg_overlay":0.5,"ocean_post_title_bg_overlay_color":"","ocean_disable_breadcrumbs":"default","ocean_breadcrumbs_color":"","ocean_breadcrumbs_separator_color":"","ocean_breadcrumbs_links_color":"","ocean_breadcrumbs_links_hover_color":"","ocean_display_footer_widgets":"default","ocean_display_footer_bottom":"default","ocean_custom_footer_template":"0"},"product_brand":[61],"product_cat":[24,36,22],"product_tag":[25],"class_list":{"0":"post-201","1":"product","2":"type-product","3":"status-publish","4":"has-post-thumbnail","6":"product_brand-this-subtitle-3","7":"product_cat-greens","8":"product_cat-verzi-si-superalimente","9":"product_cat-22","10":"product_tag-newgreen","12":"entry","13":"has-media","15":"first","16":"instock","17":"sale","18":"taxable","19":"shipping-taxable","20":"purchasable","21":"product-type-variable","22":"has-default-attributes","23":"has-product-nav","24":"col","25":"span_1_of_4","26":"owp-content-center","27":"owp-thumbs-layout-horizontal","28":"owp-btn-normal","29":"owp-tabs-layout-horizontal"},"yoast_head":"<!-- This site is optimized with the Yoast SEO plugin v25.3 - https:\/\/yoast.com\/wordpress\/plugins\/seo\/ -->\n<title>ANSA\u2122 Daily Greens \u2013 Sbohem nad\u00fdm\u00e1n\u00ed, v\u00edtej energie!<\/title>\n<meta name=\"description\" content=\"Objevte ANSA\u2122 Daily Greens \u2013 59 superpotravin v jednom s\u00e1\u010dku. M\u00e9n\u011b nad\u00fdm\u00e1n\u00ed, v\u00edce energie a lehkost ka\u017ed\u00fd den. \ud83c\udf3f\" \/>\n<meta name=\"robots\" content=\"index, follow, max-snippet:-1, max-image-preview:large, max-video-preview:-1\" \/>\n<link rel=\"canonical\" href=\"https:\/\/myansa.cz\/cs\/produkt\/ansa-daily-greens\/\" \/>\n<meta property=\"og:locale\" content=\"cs_CZ\" \/>\n<meta property=\"og:type\" content=\"article\" \/>\n<meta property=\"og:title\" content=\"ansa\u2122 Daily Greens \u2013 #1 sm\u011bs zelen\u00fdch superpotravin pro zdrav\u00e9 tr\u00e1ven\u00ed. \u2013 V\u0161echno za\u010d\u00edn\u00e1 ve st\u0159evech. Vy\u017eivej je. Poznej ten rozd\u00edl.\" \/>\n<meta property=\"og:description\" content=\"Nejchutn\u011bj\u0161\u00ed zelen\u00fd supermix. 59 p\u0159\u00edrodn\u00edch ingredienc\u00ed pro zdrav\u00e9, sebev\u011bdom\u00e9 a z\u00e1\u0159iv\u00e9 t\u011blo. \ud83c\udf3f\u2728\" \/>\n<meta property=\"og:url\" content=\"https:\/\/myansa.cz\/cs\/produkt\/ansa-daily-greens\/\" \/>\n<meta property=\"og:site_name\" content=\"Zdrav\u00ed \u017eeny: Produkty a tipy pro p\u00e9\u010di o t\u011blo\" \/>\n<meta property=\"article:modified_time\" content=\"2026-03-23T12:42:00+00:00\" \/>\n<meta name=\"twitter:card\" content=\"summary_large_image\" \/>\n<meta name=\"twitter:image\" content=\"https:\/\/myansa.cz\/wp-content\/uploads\/2024\/11\/CZ-1-1.jpg\" \/>\n<meta name=\"twitter:label1\" content=\"Odhadovan\u00e1 doba \u010dten\u00ed\" \/>\n\t<meta name=\"twitter:data1\" content=\"1 minuta\" \/>\n<script type=\"application\/ld+json\" class=\"yoast-schema-graph\">{\"@context\":\"https:\/\/schema.org\",\"@graph\":[{\"@type\":\"WebPage\",\"@id\":\"https:\/\/myansa.cz\/cs\/produkt\/ansa-daily-greens\/\",\"url\":\"https:\/\/myansa.cz\/cs\/produkt\/ansa-daily-greens\/\",\"name\":\"ANSA\u2122 Daily Greens \u2013 Sbohem nad\u00fdm\u00e1n\u00ed, v\u00edtej energie!\",\"isPartOf\":{\"@id\":\"https:\/\/myansa.cz\/#website\"},\"primaryImageOfPage\":{\"@id\":\"https:\/\/myansa.cz\/cs\/produkt\/ansa-daily-greens\/#primaryimage\"},\"image\":{\"@id\":\"https:\/\/myansa.cz\/cs\/produkt\/ansa-daily-greens\/#primaryimage\"},\"thumbnailUrl\":\"https:\/\/myansa.cz\/wp-content\/uploads\/2024\/11\/CZ-1-1.jpg\",\"datePublished\":\"2024-11-26T10:42:25+00:00\",\"dateModified\":\"2026-03-23T12:42:00+00:00\",\"description\":\"Objevte ANSA\u2122 Daily Greens \u2013 59 superpotravin v jednom s\u00e1\u010dku. M\u00e9n\u011b nad\u00fdm\u00e1n\u00ed, v\u00edce energie a lehkost ka\u017ed\u00fd den. \ud83c\udf3f\",\"breadcrumb\":{\"@id\":\"https:\/\/myansa.cz\/cs\/produkt\/ansa-daily-greens\/#breadcrumb\"},\"inLanguage\":\"cs\",\"potentialAction\":[{\"@type\":\"ReadAction\",\"target\":[\"https:\/\/myansa.cz\/cs\/produkt\/ansa-daily-greens\/\"]}]},{\"@type\":\"ImageObject\",\"inLanguage\":\"cs\",\"@id\":\"https:\/\/myansa.cz\/cs\/produkt\/ansa-daily-greens\/#primaryimage\",\"url\":\"https:\/\/myansa.cz\/wp-content\/uploads\/2024\/11\/CZ-1-1.jpg\",\"contentUrl\":\"https:\/\/myansa.cz\/wp-content\/uploads\/2024\/11\/CZ-1-1.jpg\",\"width\":1200,\"height\":1200},{\"@type\":\"BreadcrumbList\",\"@id\":\"https:\/\/myansa.cz\/cs\/produkt\/ansa-daily-greens\/#breadcrumb\",\"itemListElement\":[{\"@type\":\"ListItem\",\"position\":1,\"name\":\"Home\",\"item\":\"https:\/\/myansa.cz\/\"},{\"@type\":\"ListItem\",\"position\":2,\"name\":\"Shop\",\"item\":\"https:\/\/myansa.cz\/shop\/\"},{\"@type\":\"ListItem\",\"position\":3,\"name\":\"ansa\u2122 Daily Greens \u2013 #1 sm\u011bs zelen\u00fdch superpotravin pro zdrav\u00e9 tr\u00e1ven\u00ed.\"}]},{\"@type\":\"WebSite\",\"@id\":\"https:\/\/myansa.cz\/#website\",\"url\":\"https:\/\/myansa.cz\/\",\"name\":\"Zdrav\u00ed \u017eeny: Produkty a tipy pro p\u00e9\u010di o t\u011blo\",\"description\":\"\",\"potentialAction\":[{\"@type\":\"SearchAction\",\"target\":{\"@type\":\"EntryPoint\",\"urlTemplate\":\"https:\/\/myansa.cz\/?s={search_term_string}\"},\"query-input\":{\"@type\":\"PropertyValueSpecification\",\"valueRequired\":true,\"valueName\":\"search_term_string\"}}],\"inLanguage\":\"cs\"}]}<\/script>\n<!-- \/ Yoast SEO plugin. -->","yoast_head_json":{"title":"ANSA\u2122 Daily Greens \u2013 Sbohem nad\u00fdm\u00e1n\u00ed, v\u00edtej energie!","description":"Objevte ANSA\u2122 Daily Greens \u2013 59 superpotravin v jednom s\u00e1\u010dku. M\u00e9n\u011b nad\u00fdm\u00e1n\u00ed, v\u00edce energie a lehkost ka\u017ed\u00fd den. \ud83c\udf3f","robots":{"index":"index","follow":"follow","max-snippet":"max-snippet:-1","max-image-preview":"max-image-preview:large","max-video-preview":"max-video-preview:-1"},"canonical":"https:\/\/myansa.cz\/cs\/produkt\/ansa-daily-greens\/","og_locale":"cs_CZ","og_type":"article","og_title":"ansa\u2122 Daily Greens \u2013 #1 sm\u011bs zelen\u00fdch superpotravin pro zdrav\u00e9 tr\u00e1ven\u00ed. \u2013 V\u0161echno za\u010d\u00edn\u00e1 ve st\u0159evech. Vy\u017eivej je. Poznej ten rozd\u00edl.","og_description":"Nejchutn\u011bj\u0161\u00ed zelen\u00fd supermix. 59 p\u0159\u00edrodn\u00edch ingredienc\u00ed pro zdrav\u00e9, sebev\u011bdom\u00e9 a z\u00e1\u0159iv\u00e9 t\u011blo. \ud83c\udf3f\u2728","og_url":"https:\/\/myansa.cz\/cs\/produkt\/ansa-daily-greens\/","og_site_name":"Zdrav\u00ed \u017eeny: Produkty a tipy pro p\u00e9\u010di o t\u011blo","article_modified_time":"2026-03-23T12:42:00+00:00","twitter_card":"summary_large_image","twitter_image":"https:\/\/myansa.cz\/wp-content\/uploads\/2024\/11\/CZ-1-1.jpg","twitter_misc":{"Odhadovan\u00e1 doba \u010dten\u00ed":"1 minuta"},"schema":{"@context":"https:\/\/schema.org","@graph":[{"@type":"WebPage","@id":"https:\/\/myansa.cz\/cs\/produkt\/ansa-daily-greens\/","url":"https:\/\/myansa.cz\/cs\/produkt\/ansa-daily-greens\/","name":"ANSA\u2122 Daily Greens \u2013 Sbohem nad\u00fdm\u00e1n\u00ed, v\u00edtej energie!","isPartOf":{"@id":"https:\/\/myansa.cz\/#website"},"primaryImageOfPage":{"@id":"https:\/\/myansa.cz\/cs\/produkt\/ansa-daily-greens\/#primaryimage"},"image":{"@id":"https:\/\/myansa.cz\/cs\/produkt\/ansa-daily-greens\/#primaryimage"},"thumbnailUrl":"https:\/\/myansa.cz\/wp-content\/uploads\/2024\/11\/CZ-1-1.jpg","datePublished":"2024-11-26T10:42:25+00:00","dateModified":"2026-03-23T12:42:00+00:00","description":"Objevte ANSA\u2122 Daily Greens \u2013 59 superpotravin v jednom s\u00e1\u010dku. M\u00e9n\u011b nad\u00fdm\u00e1n\u00ed, v\u00edce energie a lehkost ka\u017ed\u00fd den. \ud83c\udf3f","breadcrumb":{"@id":"https:\/\/myansa.cz\/cs\/produkt\/ansa-daily-greens\/#breadcrumb"},"inLanguage":"cs","potentialAction":[{"@type":"ReadAction","target":["https:\/\/myansa.cz\/cs\/produkt\/ansa-daily-greens\/"]}]},{"@type":"ImageObject","inLanguage":"cs","@id":"https:\/\/myansa.cz\/cs\/produkt\/ansa-daily-greens\/#primaryimage","url":"https:\/\/myansa.cz\/wp-content\/uploads\/2024\/11\/CZ-1-1.jpg","contentUrl":"https:\/\/myansa.cz\/wp-content\/uploads\/2024\/11\/CZ-1-1.jpg","width":1200,"height":1200},{"@type":"BreadcrumbList","@id":"https:\/\/myansa.cz\/cs\/produkt\/ansa-daily-greens\/#breadcrumb","itemListElement":[{"@type":"ListItem","position":1,"name":"Home","item":"https:\/\/myansa.cz\/"},{"@type":"ListItem","position":2,"name":"Shop","item":"https:\/\/myansa.cz\/shop\/"},{"@type":"ListItem","position":3,"name":"ansa\u2122 Daily Greens \u2013 #1 sm\u011bs zelen\u00fdch superpotravin pro zdrav\u00e9 tr\u00e1ven\u00ed."}]},{"@type":"WebSite","@id":"https:\/\/myansa.cz\/#website","url":"https:\/\/myansa.cz\/","name":"Zdrav\u00ed \u017eeny: Produkty a tipy pro p\u00e9\u010di o t\u011blo","description":"","potentialAction":[{"@type":"SearchAction","target":{"@type":"EntryPoint","urlTemplate":"https:\/\/myansa.cz\/?s={search_term_string}"},"query-input":{"@type":"PropertyValueSpecification","valueRequired":true,"valueName":"search_term_string"}}],"inLanguage":"cs"}]}},"_links":{"self":[{"href":"https:\/\/myansa.cz\/cs\/wp-json\/wp\/v2\/product\/201","targetHints":{"allow":["GET"]}}],"collection":[{"href":"https:\/\/myansa.cz\/cs\/wp-json\/wp\/v2\/product"}],"about":[{"href":"https:\/\/myansa.cz\/cs\/wp-json\/wp\/v2\/types\/product"}],"replies":[{"embeddable":true,"href":"https:\/\/myansa.cz\/cs\/wp-json\/wp\/v2\/comments?post=201"}],"wp:featuredmedia":[{"embeddable":true,"href":"https:\/\/myansa.cz\/cs\/wp-json\/wp\/v2\/media\/6420"}],"wp:attachment":[{"href":"https:\/\/myansa.cz\/cs\/wp-json\/wp\/v2\/media?parent=201"}],"wp:term":[{"taxonomy":"product_brand","embeddable":true,"href":"https:\/\/myansa.cz\/cs\/wp-json\/wp\/v2\/product_brand?post=201"},{"taxonomy":"product_cat","embeddable":true,"href":"https:\/\/myansa.cz\/cs\/wp-json\/wp\/v2\/product_cat?post=201"},{"taxonomy":"product_tag","embeddable":true,"href":"https:\/\/myansa.cz\/cs\/wp-json\/wp\/v2\/product_tag?post=201"}],"curies":[{"name":"wp","href":"https:\/\/api.w.org\/{rel}","templated":true}]}}