{"id":6546,"date":"2025-10-16T11:26:39","date_gmt":"2025-10-16T11:26:39","guid":{"rendered":"https:\/\/myansa.cz\/?post_type=product&#038;p=6546"},"modified":"2026-04-19T09:03:47","modified_gmt":"2026-04-19T09:03:47","slug":"sakura-skintonic","status":"publish","type":"product","link":"https:\/\/myansa.cz\/cs\/produkt\/sakura-skintonic\/","title":{"rendered":"Ansa\u2122 Sakura SkinTonic \u2013Japonsk\u00fd n\u00e1poj pro v\u00fd\u017eivu pleti"},"content":{"rendered":"<div data-test-render-count=\"1\">\n<div class=\"group\">\n<div class=\"contents\">\n<div class=\"group relative relative pb-3\" data-is-streaming=\"false\">\n<div class=\"font-claude-response relative leading-[1.65rem] [&amp;_pre&gt;div]:bg-bg-000\/50 [&amp;_pre&gt;div]:border-0.5 [&amp;_pre&gt;div]:border-border-400 [&amp;_.ignore-pre-bg&gt;div]:bg-transparent [&amp;_.standard-markdown_:is(p,blockquote,h1,h2,h3,h4,h5,h6)]:pl-2 [&amp;_.standard-markdown_:is(p,blockquote,ul,ol,h1,h2,h3,h4,h5,h6)]:pr-8 [&amp;_.progressive-markdown_:is(p,blockquote,h1,h2,h3,h4,h5,h6)]:pl-2 [&amp;_.progressive-markdown_:is(p,blockquote,ul,ol,h1,h2,h3,h4,h5,h6)]:pr-8\">\n<div>\n<div class=\"grid grid-rows-[auto_auto] min-w-0\">\n<div class=\"row-start-2 col-start-1 relative grid isolate min-w-0\">\n<div class=\"row-start-1 col-start-1 relative z-[2] min-w-0\">\n<div>\n<div class=\"standard-markdown grid-cols-1 grid [&amp;_&gt;_*]:min-w-0 gap-3 standard-markdown\">\n<p class=\"font-claude-response-body break-words whitespace-normal leading-[1.7]\">Revolu\u010dn\u00ed nov\u00fd, 100% p\u0159\u00edrodn\u00ed produkt pro \u010distou a vy\u017eivenou ple\u0165, inspirovan\u00fd japonskou kulturou. SkinTonic zpomaluje fotost\u00e1rnut\u00ed a m\u00e1 blahod\u00e1rn\u00fd vliv na ple\u0165 obli\u010deje.<\/p>\n<\/div>\n<\/div>\n<\/div>\n<\/div>\n<\/div>\n<\/div>\n<\/div>\n<\/div>\n<\/div>\n<div class=\"flex justify-start\" role=\"group\" aria-label=\"Message actions\">\n<div class=\"text-text-300\">\n<div class=\"text-text-300 flex items-stretch justify-between\">\n<div class=\"w-fit\" data-state=\"closed\">\n<div class=\"relative text-text-500 group-hover\/btn:text-text-100\">\n<div class=\"transition-all opacity-100 scale-100\"><\/div>\n<div class=\"absolute top-0 left-0 transition-all opacity-0 scale-50\"><\/div>\n<\/div>\n<\/div>\n<div class=\"w-fit\" data-state=\"closed\">\n<div class=\"text-text-500 group-hover\/btn:text-text-100\"><\/div>\n<\/div>\n<div class=\"w-fit\" data-state=\"closed\">\n<div class=\"text-text-500 group-hover\/btn:text-text-100\"><\/div>\n<\/div>\n<div class=\"flex items-center\">\n<div class=\"w-fit\" data-state=\"closed\">\n<div class=\"text-text-500 group-hover\/btn:text-text-100\"><\/div>\n<\/div>\n<\/div>\n<\/div>\n<\/div>\n<\/div>\n<\/div>\n<\/div>\n<div class=\"h-px w-full pointer-events-none\" aria-hidden=\"true\"><\/div>","protected":false},"excerpt":{"rendered":"<div data-test-render-count=\"1\">\n<div class=\"group\">\n<div class=\"contents\">\n<div class=\"group relative relative pb-3\" data-is-streaming=\"false\">\n<div class=\"font-claude-response relative leading-[1.65rem] [&amp;_pre&gt;div]:bg-bg-000\/50 [&amp;_pre&gt;div]:border-0.5 [&amp;_pre&gt;div]:border-border-400 [&amp;_.ignore-pre-bg&gt;div]:bg-transparent [&amp;_.standard-markdown_:is(p,blockquote,h1,h2,h3,h4,h5,h6)]:pl-2 [&amp;_.standard-markdown_:is(p,blockquote,ul,ol,h1,h2,h3,h4,h5,h6)]:pr-8 [&amp;_.progressive-markdown_:is(p,blockquote,h1,h2,h3,h4,h5,h6)]:pl-2 [&amp;_.progressive-markdown_:is(p,blockquote,ul,ol,h1,h2,h3,h4,h5,h6)]:pr-8\">\n<div>\n<div class=\"grid grid-rows-[auto_auto] min-w-0\">\n<div class=\"row-start-2 col-start-1 relative grid isolate min-w-0\">\n<div class=\"row-start-1 col-start-1 relative z-[2] min-w-0\">\n<div>\n<div class=\"standard-markdown grid-cols-1 grid [&amp;_&gt;_*]:min-w-0 gap-3 standard-markdown\">\n<p class=\"font-claude-response-body break-words whitespace-normal leading-[1.7]\">Revolu\u010dn\u00ed nov\u00fd, 100% p\u0159\u00edrodn\u00ed produkt pro \u010distou a vy\u017eivenou ple\u0165, inspirovan\u00fd japonskou kulturou. SkinTonic zpomaluje fotost\u00e1rnut\u00ed a m\u00e1 blahod\u00e1rn\u00fd vliv na ple\u0165 obli\u010deje.<\/p>\n<\/div>\n<\/div>\n<\/div>\n<\/div>\n<\/div>\n<\/div>\n<\/div>\n<\/div>\n<\/div>\n<div class=\"flex justify-start\" role=\"group\" aria-label=\"Message actions\">\n<div class=\"text-text-300\">\n<div class=\"text-text-300 flex items-stretch justify-between\">\n<div class=\"w-fit\" data-state=\"closed\">\n<div class=\"relative text-text-500 group-hover\/btn:text-text-100\">\n<div class=\"transition-all opacity-100 scale-100\"><\/div>\n<div class=\"absolute top-0 left-0 transition-all opacity-0 scale-50\"><\/div>\n<\/div>\n<\/div>\n<div class=\"w-fit\" data-state=\"closed\">\n<div class=\"text-text-500 group-hover\/btn:text-text-100\"><\/div>\n<\/div>\n<div class=\"w-fit\" data-state=\"closed\">\n<div class=\"text-text-500 group-hover\/btn:text-text-100\"><\/div>\n<\/div>\n<div class=\"flex items-center\">\n<div class=\"w-fit\" data-state=\"closed\">\n<div class=\"text-text-500 group-hover\/btn:text-text-100\"><\/div>\n<\/div>\n<\/div>\n<\/div>\n<\/div>\n<\/div>\n<\/div>\n<\/div>\n<div class=\"h-px w-full pointer-events-none\" aria-hidden=\"true\"><\/div>","protected":false},"featured_media":6550,"comment_status":"open","ping_status":"closed","template":"","meta":{"ocean_post_layout":"","ocean_both_sidebars_style":"","ocean_both_sidebars_content_width":0,"ocean_both_sidebars_sidebars_width":0,"ocean_sidebar":"0","ocean_second_sidebar":"0","ocean_disable_margins":"enable","ocean_add_body_class":"","ocean_shortcode_before_top_bar":"","ocean_shortcode_after_top_bar":"","ocean_shortcode_before_header":"","ocean_shortcode_after_header":"","ocean_has_shortcode":"","ocean_shortcode_after_title":"","ocean_shortcode_before_footer_widgets":"","ocean_shortcode_after_footer_widgets":"","ocean_shortcode_before_footer_bottom":"","ocean_shortcode_after_footer_bottom":"","ocean_display_top_bar":"default","ocean_display_header":"default","ocean_header_style":"","ocean_center_header_left_menu":"0","ocean_custom_header_template":"0","ocean_custom_logo":0,"ocean_custom_retina_logo":0,"ocean_custom_logo_max_width":0,"ocean_custom_logo_tablet_max_width":0,"ocean_custom_logo_mobile_max_width":0,"ocean_custom_logo_max_height":0,"ocean_custom_logo_tablet_max_height":0,"ocean_custom_logo_mobile_max_height":0,"ocean_header_custom_menu":"0","ocean_menu_typo_font_family":"0","ocean_menu_typo_font_subset":"","ocean_menu_typo_font_size":0,"ocean_menu_typo_font_size_tablet":0,"ocean_menu_typo_font_size_mobile":0,"ocean_menu_typo_font_size_unit":"px","ocean_menu_typo_font_weight":"","ocean_menu_typo_font_weight_tablet":"","ocean_menu_typo_font_weight_mobile":"","ocean_menu_typo_transform":"","ocean_menu_typo_transform_tablet":"","ocean_menu_typo_transform_mobile":"","ocean_menu_typo_line_height":0,"ocean_menu_typo_line_height_tablet":0,"ocean_menu_typo_line_height_mobile":0,"ocean_menu_typo_line_height_unit":"","ocean_menu_typo_spacing":0,"ocean_menu_typo_spacing_tablet":0,"ocean_menu_typo_spacing_mobile":0,"ocean_menu_typo_spacing_unit":"","ocean_menu_link_color":"","ocean_menu_link_color_hover":"","ocean_menu_link_color_active":"","ocean_menu_link_background":"","ocean_menu_link_hover_background":"","ocean_menu_link_active_background":"","ocean_menu_social_links_bg":"","ocean_menu_social_hover_links_bg":"","ocean_menu_social_links_color":"","ocean_menu_social_hover_links_color":"","ocean_disable_title":"default","ocean_disable_heading":"default","ocean_post_title":"","ocean_post_subheading":"","ocean_post_title_style":"","ocean_post_title_background_color":"","ocean_post_title_background":0,"ocean_post_title_bg_image_position":"","ocean_post_title_bg_image_attachment":"","ocean_post_title_bg_image_repeat":"","ocean_post_title_bg_image_size":"","ocean_post_title_height":0,"ocean_post_title_bg_overlay":0.5,"ocean_post_title_bg_overlay_color":"","ocean_disable_breadcrumbs":"default","ocean_breadcrumbs_color":"","ocean_breadcrumbs_separator_color":"","ocean_breadcrumbs_links_color":"","ocean_breadcrumbs_links_hover_color":"","ocean_display_footer_widgets":"default","ocean_display_footer_bottom":"default","ocean_custom_footer_template":"0"},"product_brand":[],"product_cat":[16],"product_tag":[69],"class_list":{"0":"post-6546","1":"product","2":"type-product","3":"status-publish","4":"has-post-thumbnail","6":"product_cat-uncategorized","7":"product_tag-sakura","9":"entry","10":"has-media","12":"first","13":"instock","14":"sale","15":"taxable","16":"shipping-taxable","17":"purchasable","18":"product-type-variable","19":"has-default-attributes","20":"has-product-nav","21":"col","22":"span_1_of_4","23":"owp-content-center","24":"owp-thumbs-layout-horizontal","25":"owp-btn-normal","26":"owp-tabs-layout-horizontal"},"yoast_head":"<!-- This site is optimized with the Yoast SEO plugin v25.3 - https:\/\/yoast.com\/wordpress\/plugins\/seo\/ -->\n<title>Sakura SkinTonic \u2013Japonsk\u00fd n\u00e1poj pro v\u00fd\u017eivu pleti<\/title>\n<meta name=\"description\" content=\"Revolu\u010dn\u00ed nov\u00fd, 100% p\u0159\u00edrodn\u00ed produkt pro \u010distou a vy\u017eivenou ple\u0165. melyet a jap\u00e1n kult\u00fara ihletett. SkinTonic zpomaluje fotost\u00e1rnut\u00ed a m\u00e1 blahod\u00e1rn\u00fd vliv na ple\u0165 obli\u010deje.\" \/>\n<meta name=\"robots\" content=\"index, follow, max-snippet:-1, max-image-preview:large, max-video-preview:-1\" \/>\n<link rel=\"canonical\" href=\"https:\/\/myansa.cz\/cs\/produkt\/sakura-skintonic\/\" \/>\n<meta property=\"og:locale\" content=\"cs_CZ\" \/>\n<meta property=\"og:type\" content=\"article\" \/>\n<meta property=\"og:title\" content=\"Sakura SkinTonic \u2013Japonsk\u00fd n\u00e1poj pro v\u00fd\u017eivu pleti\" \/>\n<meta property=\"og:description\" content=\"Revolu\u010dn\u00ed nov\u00fd, 100% p\u0159\u00edrodn\u00ed produkt pro \u010distou a vy\u017eivenou ple\u0165. melyet a jap\u00e1n kult\u00fara ihletett. SkinTonic zpomaluje fotost\u00e1rnut\u00ed a m\u00e1 blahod\u00e1rn\u00fd vliv na ple\u0165 obli\u010deje.\" \/>\n<meta property=\"og:url\" content=\"https:\/\/myansa.cz\/cs\/produkt\/sakura-skintonic\/\" \/>\n<meta property=\"og:site_name\" content=\"Zdrav\u00ed \u017eeny: Produkty a tipy pro p\u00e9\u010di o t\u011blo\" \/>\n<meta property=\"article:modified_time\" content=\"2026-04-19T09:03:47+00:00\" \/>\n<meta property=\"og:image\" content=\"https:\/\/myansa.cz\/wp-content\/uploads\/2025\/10\/HG-1.jpg\" \/>\n\t<meta property=\"og:image:width\" content=\"1200\" \/>\n\t<meta property=\"og:image:height\" content=\"1200\" \/>\n\t<meta property=\"og:image:type\" content=\"image\/jpeg\" \/>\n<meta name=\"twitter:card\" content=\"summary_large_image\" \/>\n<meta name=\"twitter:label1\" content=\"Odhadovan\u00e1 doba \u010dten\u00ed\" \/>\n\t<meta name=\"twitter:data1\" content=\"1 minuta\" \/>\n<script type=\"application\/ld+json\" class=\"yoast-schema-graph\">{\"@context\":\"https:\/\/schema.org\",\"@graph\":[{\"@type\":\"WebPage\",\"@id\":\"https:\/\/myansa.cz\/product\/sakura-skintonic\/\",\"url\":\"https:\/\/myansa.cz\/product\/sakura-skintonic\/\",\"name\":\"Sakura SkinTonic \u2013Japonsk\u00fd n\u00e1poj pro v\u00fd\u017eivu pleti\",\"isPartOf\":{\"@id\":\"https:\/\/myansa.cz\/#website\"},\"primaryImageOfPage\":{\"@id\":\"https:\/\/myansa.cz\/product\/sakura-skintonic\/#primaryimage\"},\"image\":{\"@id\":\"https:\/\/myansa.cz\/product\/sakura-skintonic\/#primaryimage\"},\"thumbnailUrl\":\"https:\/\/myansa.cz\/wp-content\/uploads\/2025\/10\/HG-1.jpg\",\"datePublished\":\"2025-10-16T11:26:39+00:00\",\"dateModified\":\"2026-04-19T09:03:47+00:00\",\"description\":\"Revolu\u010dn\u00ed nov\u00fd, 100% p\u0159\u00edrodn\u00ed produkt pro \u010distou a vy\u017eivenou ple\u0165. melyet a jap\u00e1n kult\u00fara ihletett. SkinTonic zpomaluje fotost\u00e1rnut\u00ed a m\u00e1 blahod\u00e1rn\u00fd vliv na ple\u0165 obli\u010deje.\",\"breadcrumb\":{\"@id\":\"https:\/\/myansa.cz\/product\/sakura-skintonic\/#breadcrumb\"},\"inLanguage\":\"cs\",\"potentialAction\":[{\"@type\":\"ReadAction\",\"target\":[\"https:\/\/myansa.cz\/product\/sakura-skintonic\/\"]}]},{\"@type\":\"ImageObject\",\"inLanguage\":\"cs\",\"@id\":\"https:\/\/myansa.cz\/product\/sakura-skintonic\/#primaryimage\",\"url\":\"https:\/\/myansa.cz\/wp-content\/uploads\/2025\/10\/HG-1.jpg\",\"contentUrl\":\"https:\/\/myansa.cz\/wp-content\/uploads\/2025\/10\/HG-1.jpg\",\"width\":1200,\"height\":1200},{\"@type\":\"BreadcrumbList\",\"@id\":\"https:\/\/myansa.cz\/product\/sakura-skintonic\/#breadcrumb\",\"itemListElement\":[{\"@type\":\"ListItem\",\"position\":1,\"name\":\"Home\",\"item\":\"https:\/\/myansa.cz\/\"},{\"@type\":\"ListItem\",\"position\":2,\"name\":\"Shop\",\"item\":\"https:\/\/myansa.cz\/shop\/\"},{\"@type\":\"ListItem\",\"position\":3,\"name\":\"Ansa\u2122 Sakura SkinTonic \u2013Japonsk\u00fd n\u00e1poj pro v\u00fd\u017eivu pleti\"}]},{\"@type\":\"WebSite\",\"@id\":\"https:\/\/myansa.cz\/#website\",\"url\":\"https:\/\/myansa.cz\/\",\"name\":\"Zdrav\u00ed \u017eeny: Produkty a tipy pro p\u00e9\u010di o t\u011blo\",\"description\":\"\",\"potentialAction\":[{\"@type\":\"SearchAction\",\"target\":{\"@type\":\"EntryPoint\",\"urlTemplate\":\"https:\/\/myansa.cz\/?s={search_term_string}\"},\"query-input\":{\"@type\":\"PropertyValueSpecification\",\"valueRequired\":true,\"valueName\":\"search_term_string\"}}],\"inLanguage\":\"cs\"}]}<\/script>\n<!-- \/ Yoast SEO plugin. -->","yoast_head_json":{"title":"Sakura SkinTonic \u2013Japonsk\u00fd n\u00e1poj pro v\u00fd\u017eivu pleti","description":"Revolu\u010dn\u00ed nov\u00fd, 100% p\u0159\u00edrodn\u00ed produkt pro \u010distou a vy\u017eivenou ple\u0165. melyet a jap\u00e1n kult\u00fara ihletett. SkinTonic zpomaluje fotost\u00e1rnut\u00ed a m\u00e1 blahod\u00e1rn\u00fd vliv na ple\u0165 obli\u010deje.","robots":{"index":"index","follow":"follow","max-snippet":"max-snippet:-1","max-image-preview":"max-image-preview:large","max-video-preview":"max-video-preview:-1"},"canonical":"https:\/\/myansa.cz\/cs\/produkt\/sakura-skintonic\/","og_locale":"cs_CZ","og_type":"article","og_title":"Sakura SkinTonic \u2013Japonsk\u00fd n\u00e1poj pro v\u00fd\u017eivu pleti","og_description":"Revolu\u010dn\u00ed nov\u00fd, 100% p\u0159\u00edrodn\u00ed produkt pro \u010distou a vy\u017eivenou ple\u0165. melyet a jap\u00e1n kult\u00fara ihletett. SkinTonic zpomaluje fotost\u00e1rnut\u00ed a m\u00e1 blahod\u00e1rn\u00fd vliv na ple\u0165 obli\u010deje.","og_url":"https:\/\/myansa.cz\/cs\/produkt\/sakura-skintonic\/","og_site_name":"Zdrav\u00ed \u017eeny: Produkty a tipy pro p\u00e9\u010di o t\u011blo","article_modified_time":"2026-04-19T09:03:47+00:00","og_image":[{"width":1200,"height":1200,"url":"https:\/\/myansa.cz\/wp-content\/uploads\/2025\/10\/HG-1.jpg","type":"image\/jpeg"}],"twitter_card":"summary_large_image","twitter_misc":{"Odhadovan\u00e1 doba \u010dten\u00ed":"1 minuta"},"schema":{"@context":"https:\/\/schema.org","@graph":[{"@type":"WebPage","@id":"https:\/\/myansa.cz\/product\/sakura-skintonic\/","url":"https:\/\/myansa.cz\/product\/sakura-skintonic\/","name":"Sakura SkinTonic \u2013Japonsk\u00fd n\u00e1poj pro v\u00fd\u017eivu pleti","isPartOf":{"@id":"https:\/\/myansa.cz\/#website"},"primaryImageOfPage":{"@id":"https:\/\/myansa.cz\/product\/sakura-skintonic\/#primaryimage"},"image":{"@id":"https:\/\/myansa.cz\/product\/sakura-skintonic\/#primaryimage"},"thumbnailUrl":"https:\/\/myansa.cz\/wp-content\/uploads\/2025\/10\/HG-1.jpg","datePublished":"2025-10-16T11:26:39+00:00","dateModified":"2026-04-19T09:03:47+00:00","description":"Revolu\u010dn\u00ed nov\u00fd, 100% p\u0159\u00edrodn\u00ed produkt pro \u010distou a vy\u017eivenou ple\u0165. melyet a jap\u00e1n kult\u00fara ihletett. SkinTonic zpomaluje fotost\u00e1rnut\u00ed a m\u00e1 blahod\u00e1rn\u00fd vliv na ple\u0165 obli\u010deje.","breadcrumb":{"@id":"https:\/\/myansa.cz\/product\/sakura-skintonic\/#breadcrumb"},"inLanguage":"cs","potentialAction":[{"@type":"ReadAction","target":["https:\/\/myansa.cz\/product\/sakura-skintonic\/"]}]},{"@type":"ImageObject","inLanguage":"cs","@id":"https:\/\/myansa.cz\/product\/sakura-skintonic\/#primaryimage","url":"https:\/\/myansa.cz\/wp-content\/uploads\/2025\/10\/HG-1.jpg","contentUrl":"https:\/\/myansa.cz\/wp-content\/uploads\/2025\/10\/HG-1.jpg","width":1200,"height":1200},{"@type":"BreadcrumbList","@id":"https:\/\/myansa.cz\/product\/sakura-skintonic\/#breadcrumb","itemListElement":[{"@type":"ListItem","position":1,"name":"Home","item":"https:\/\/myansa.cz\/"},{"@type":"ListItem","position":2,"name":"Shop","item":"https:\/\/myansa.cz\/shop\/"},{"@type":"ListItem","position":3,"name":"Ansa\u2122 Sakura SkinTonic \u2013Japonsk\u00fd n\u00e1poj pro v\u00fd\u017eivu pleti"}]},{"@type":"WebSite","@id":"https:\/\/myansa.cz\/#website","url":"https:\/\/myansa.cz\/","name":"Zdrav\u00ed \u017eeny: Produkty a tipy pro p\u00e9\u010di o t\u011blo","description":"","potentialAction":[{"@type":"SearchAction","target":{"@type":"EntryPoint","urlTemplate":"https:\/\/myansa.cz\/?s={search_term_string}"},"query-input":{"@type":"PropertyValueSpecification","valueRequired":true,"valueName":"search_term_string"}}],"inLanguage":"cs"}]}},"_links":{"self":[{"href":"https:\/\/myansa.cz\/cs\/wp-json\/wp\/v2\/product\/6546","targetHints":{"allow":["GET"]}}],"collection":[{"href":"https:\/\/myansa.cz\/cs\/wp-json\/wp\/v2\/product"}],"about":[{"href":"https:\/\/myansa.cz\/cs\/wp-json\/wp\/v2\/types\/product"}],"replies":[{"embeddable":true,"href":"https:\/\/myansa.cz\/cs\/wp-json\/wp\/v2\/comments?post=6546"}],"wp:featuredmedia":[{"embeddable":true,"href":"https:\/\/myansa.cz\/cs\/wp-json\/wp\/v2\/media\/6550"}],"wp:attachment":[{"href":"https:\/\/myansa.cz\/cs\/wp-json\/wp\/v2\/media?parent=6546"}],"wp:term":[{"taxonomy":"product_brand","embeddable":true,"href":"https:\/\/myansa.cz\/cs\/wp-json\/wp\/v2\/product_brand?post=6546"},{"taxonomy":"product_cat","embeddable":true,"href":"https:\/\/myansa.cz\/cs\/wp-json\/wp\/v2\/product_cat?post=6546"},{"taxonomy":"product_tag","embeddable":true,"href":"https:\/\/myansa.cz\/cs\/wp-json\/wp\/v2\/product_tag?post=6546"}],"curies":[{"name":"wp","href":"https:\/\/api.w.org\/{rel}","templated":true}]}}